{"id":1595,"date":"2016-01-29T10:13:23","date_gmt":"2016-01-29T10:13:23","guid":{"rendered":"https:\/\/the7.io\/beauty-studio\/?page_id=7"},"modified":"2026-03-24T19:47:07","modified_gmt":"2026-03-24T18:47:07","slug":"transporte-internacional-aereo","status":"publish","type":"page","link":"https:\/\/sicsa.cr\/espanol\/transporte-internacional-aereo\/","title":{"rendered":"Transporte internacional a\u00e9reo"},"content":{"rendered":"<div class=\"wpb-content-wrapper\"><p>[vc_row full_width=&#8221;stretch_row&#8221; css=&#8221;.vc_custom_1705941137297{margin-top: -70px !important;padding-top: 60px !important;padding-bottom: 60px !important;background-color: #f9f9f9 !important;}&#8221;][vc_column][vc_row_inner][vc_column_inner width=&#8221;1\/2&#8243;][vc_column_text]<\/p>\n<h3 style=\"text-align: justify;\"><span style=\"color: #202a59;\">Servicio de courier, carga express y carga general. Ofrecemos servicio a\u00e9reo desde y hacia cualquier parte del mundo.<\/span><\/h3>\n<p>&nbsp;<\/p>\n<p style=\"text-align: justify;\"><span style=\"color: #202a59;\">Manejamos todos los comoditys, desde carga general o mercanc\u00eda seca, hasta refrigerada, peligrosa (dangerous goods\/hazmats) o sobredimensionada.<\/span><\/p>\n<p style=\"text-align: justify;\"><span style=\"color: #202a59;\">La carga gene<\/span>ral es la<span style=\"color: #202a59;\"> m\u00e1s com\u00fan debido a que no requiere control de temperatura y sus medidas son est\u00e1ndares.<\/span><\/p>\n<p style=\"text-align: justify;\"><span style=\"color: #202a59;\">Las cargas de mercanc\u00edas peligrosas corresponden a aquellos\u00a0productos considerados peligrosos por sus caracter\u00edsticas, como sustancias t\u00f3xicas, inflamables, gases contaminantes, sustancias radiactivas, venenosas o productos explosivos, entre otros.<\/span><\/p>\n<p style=\"text-align: justify;\"><span style=\"color: #202a59;\">Las cargas de productos perecederos se refieren a los productos que requieren de control espec\u00edfico de una temperatura constante para su conservaci\u00f3n, como alimentos, flores, medicamentos, entre otros.<\/span><\/p>\n<p>[\/vc_column_text][\/vc_column_inner][vc_column_inner width=&#8221;1\/2&#8243;][vc_single_image image=&#8221;2171&#8243; img_size=&#8221;700 x 500&#8243; style=&#8221;vc_box_rounded&#8221;][\/vc_column_inner][\/vc_row_inner][\/vc_column][\/vc_row][vc_row css=&#8221;.vc_custom_1705944705804{padding-top: 50px !important;padding-bottom: 50px !important;}&#8221;][vc_column][vc_column_text]<\/p>\n<p style=\"text-align: justify;\">Los sobredimensionados son aquellos que exceden el peso y medidas de la capacidad permitida de un equipo est\u00e1ndar, por lo cual requieren un transporte especial.<\/p>\n<p style=\"text-align: justify;\">Al contar con sucursal en Estados Unidos los beneficios provenientes de este origen son la consolidaci\u00f3n y un trato personalizado 100 %: notificaciones v\u00eda correo electr\u00f3nico, software, fotograf\u00edas del warehouse y carga, entre otros.<\/p>\n<p>&nbsp;<\/p>\n<p style=\"text-align: justify;\">Ofrecemos salidas diarias a\u00e9reas para la inmediatez que su empresa necesita.<\/p>\n<p>[\/vc_column_text][vc_row_inner][vc_column_inner width=&#8221;1\/4&#8243;][vc_single_image image=&#8221;2016&#8243; img_size=&#8221;200 x 120&#8243;][\/vc_column_inner][vc_column_inner width=&#8221;1\/4&#8243;][vc_single_image image=&#8221;2017&#8243; img_size=&#8221;200 x 120&#8243;][\/vc_column_inner][vc_column_inner width=&#8221;1\/4&#8243;][\/vc_column_inner][vc_column_inner width=&#8221;1\/4&#8243;][\/vc_column_inner][\/vc_row_inner][\/vc_column][\/vc_row][vc_row full_width=&#8221;stretch_row&#8221; css=&#8221;.vc_custom_1705944682531{padding-top: 60px !important;padding-bottom: 60px !important;background-color: #f9f9f9 !important;}&#8221;][vc_column][vc_column_text]<\/p>\n<h3>Este servicio lo ofrecemos tanto de importaci\u00f3n como exportaci\u00f3n hacia y desde cualquier parte del mundo. Contamos con agentes en cada continente para la conexi\u00f3n que su empresa necesita.<\/h3>\n<p>&nbsp;<\/p>\n<p>\u00a1Especialistas en carga consolidada, full container y carga proyecto![\/vc_column_text][\/vc_column][\/vc_row][vc_row full_width=&#8221;stretch_row&#8221; css=&#8221;.vc_custom_1708118294984{padding-top: 50px !important;padding-bottom: 50px !important;background-color: #252e66 !important;}&#8221;][vc_column][vc_column_text]<\/p>\n<h2><span style=\"color: #ffffff;\">Ventajas del transporte a\u00e9reo:<\/span><\/h2>\n<p>[\/vc_column_text][vc_row_inner css=&#8221;.vc_custom_1707414986208{padding-top: 40px !important;padding-right: 40px !important;padding-bottom: 40px !important;padding-left: 40px !important;background-color: #ffffff !important;border-radius: 20px !important;}&#8221;][vc_column_inner width=&#8221;1\/2&#8243;]<div class=\"aio-icon-component    style_1\"><div id=\"Info-box-wrap-1688\" class=\"aio-icon-box default-icon\" style=\"\"  ><div class=\"aio-icon-default\"><div class=\"ult-just-icon-wrapper  \"><div class=\"align-icon\" style=\"text-align:center;\">\n<div class=\"aio-icon circle \"  style=\"color:#262f62;background:#ffffff;font-size:32px;display:inline-block;\">\n\t<i class=\"icomoon-icomoonfree-16x16-spinner11\"><\/i>\n<\/div><\/div><\/div><\/div><div class=\"aio-icon-header\" ><h3 class=\"aio-icon-title ult-responsive\"  data-ultimate-target='#Info-box-wrap-1688 .aio-icon-title'  data-responsive-json-new='{\"font-size\":\"\",\"line-height\":\"\"}'  style=\"\">Rapidez:<\/h3><\/div> <!-- header --><div class=\"aio-icon-description ult-responsive\"  data-ultimate-target='#Info-box-wrap-1688 .aio-icon-description'  data-responsive-json-new='{\"font-size\":\"\",\"line-height\":\"\"}'  style=\"\">Una de las principales ventajas del transporte a\u00e9reo es su velocidad. Los aviones pueden transportar mercanc\u00edas o personas de un continente a otro en cuesti\u00f3n de horas o d\u00edas, en comparaci\u00f3n con otros modos de transporte que podr\u00edan llevar semanas o meses.<\/div> <!-- description --><\/div> <!-- aio-icon-box --><\/div> <!-- aio-icon-component --><div class=\"aio-icon-component    style_1\"><div id=\"Info-box-wrap-3262\" class=\"aio-icon-box default-icon\" style=\"\"  ><div class=\"aio-icon-default\"><div class=\"ult-just-icon-wrapper  \"><div class=\"align-icon\" style=\"text-align:center;\">\n<div class=\"aio-icon circle \"  style=\"color:#262f62;background:#ffffff;font-size:32px;display:inline-block;\">\n\t<i class=\"icomoon-the7-font-the7-expand-09\"><\/i>\n<\/div><\/div><\/div><\/div><div class=\"aio-icon-header\" ><h3 class=\"aio-icon-title ult-responsive\"  data-ultimate-target='#Info-box-wrap-3262 .aio-icon-title'  data-responsive-json-new='{\"font-size\":\"\",\"line-height\":\"\"}'  style=\"\">Accesibilidad:<\/h3><\/div> <!-- header --><div class=\"aio-icon-description ult-responsive\"  data-ultimate-target='#Info-box-wrap-3262 .aio-icon-description'  data-responsive-json-new='{\"font-size\":\"\",\"line-height\":\"\"}'  style=\"\">Los aviones pueden llegar a lugares remotos o de dif\u00edcil acceso. Esto es especialmente \u00fatil para regiones que no tienen una infraestructura terrestre desarrollada.<\/div> <!-- description --><\/div> <!-- aio-icon-box --><\/div> <!-- aio-icon-component --><div class=\"aio-icon-component    style_1\"><div id=\"Info-box-wrap-9826\" class=\"aio-icon-box default-icon\" style=\"\"  ><div class=\"aio-icon-default\"><div class=\"ult-just-icon-wrapper  \"><div class=\"align-icon\" style=\"text-align:center;\">\n<div class=\"aio-icon circle \"  style=\"color:#262f62;background:#ffffff;font-size:32px;display:inline-block;\">\n\t<i class=\"fab fa-expeditedssl\"><\/i>\n<\/div><\/div><\/div><\/div><div class=\"aio-icon-header\" ><h3 class=\"aio-icon-title ult-responsive\"  data-ultimate-target='#Info-box-wrap-9826 .aio-icon-title'  data-responsive-json-new='{\"font-size\":\"\",\"line-height\":\"\"}'  style=\"\">Seguridad:<\/h3><\/div> <!-- header --><div class=\"aio-icon-description ult-responsive\"  data-ultimate-target='#Info-box-wrap-9826 .aio-icon-description'  data-responsive-json-new='{\"font-size\":\"\",\"line-height\":\"\"}'  style=\"\">El transporte a\u00e9reo es generalmente considerado como uno de los medios m\u00e1s seguros para enviar mercanc\u00edas y para transportar personas. Las regulaciones estrictas, los controles de seguridad y los est\u00e1ndares de mantenimiento contribuyen a esta seguridad.<\/div> <!-- description --><\/div> <!-- aio-icon-box --><\/div> <!-- aio-icon-component -->[\/vc_column_inner][vc_column_inner width=&#8221;1\/2&#8243;]<div class=\"aio-icon-component    style_1\"><div id=\"Info-box-wrap-9256\" class=\"aio-icon-box default-icon\" style=\"\"  ><div class=\"aio-icon-default\"><div class=\"ult-just-icon-wrapper  \"><div class=\"align-icon\" style=\"text-align:center;\">\n<div class=\"aio-icon circle \"  style=\"color:#262f62;background:#ffffff;font-size:32px;display:inline-block;\">\n\t<i class=\"fas fa-dollar-sign\"><\/i>\n<\/div><\/div><\/div><\/div><div class=\"aio-icon-header\" ><h3 class=\"aio-icon-title ult-responsive\"  data-ultimate-target='#Info-box-wrap-9256 .aio-icon-title'  data-responsive-json-new='{\"font-size\":\"\",\"line-height\":\"\"}'  style=\"\">Costo:<\/h3><\/div> <!-- header --><div class=\"aio-icon-description ult-responsive\"  data-ultimate-target='#Info-box-wrap-9256 .aio-icon-description'  data-responsive-json-new='{\"font-size\":\"\",\"line-height\":\"\"}'  style=\"\">Aunque es r\u00e1pido, el transporte a\u00e9reo suele ser m\u00e1s caro en comparaci\u00f3n con otros modos de transporte como el mar\u00edtimo o el terrestre, especialmente cuando se trata de grandes vol\u00famenes de mercanc\u00edas.<\/div> <!-- description --><\/div> <!-- aio-icon-box --><\/div> <!-- aio-icon-component --><div class=\"aio-icon-component    style_1\"><div id=\"Info-box-wrap-5767\" class=\"aio-icon-box default-icon\" style=\"\"  ><div class=\"aio-icon-default\"><div class=\"ult-just-icon-wrapper  \"><div class=\"align-icon\" style=\"text-align:center;\">\n<div class=\"aio-icon circle \"  style=\"color:#262f62;background:#ffffff;font-size:32px;display:inline-block;\">\n\t<i class=\"icomoon-icomoonfree-16x16-airplane\"><\/i>\n<\/div><\/div><\/div><\/div><div class=\"aio-icon-header\" ><h3 class=\"aio-icon-title ult-responsive\"  data-ultimate-target='#Info-box-wrap-5767 .aio-icon-title'  data-responsive-json-new='{\"font-size\":\"\",\"line-height\":\"\"}'  style=\"\">Regulaciones:<\/h3><\/div> <!-- header --><div class=\"aio-icon-description ult-responsive\"  data-ultimate-target='#Info-box-wrap-5767 .aio-icon-description'  data-responsive-json-new='{\"font-size\":\"\",\"line-height\":\"\"}'  style=\"\">El transporte a\u00e9reo internacional est\u00e1 sujeto a regulaciones internacionales, como las establecidas por la Organizaci\u00f3n de Aviaci\u00f3n Civil Internacional (OACI) y Transport Security Administration (TSA). Estas regulaciones abordan aspectos como la seguridad, la gesti\u00f3n del tr\u00e1fico a\u00e9reo, las operaciones aeroportuarias y m\u00e1s.<\/div> <!-- description --><\/div> <!-- aio-icon-box --><\/div> <!-- aio-icon-component --><div class=\"aio-icon-component    style_1\"><div id=\"Info-box-wrap-2103\" class=\"aio-icon-box default-icon\" style=\"\"  ><div class=\"aio-icon-default\"><div class=\"ult-just-icon-wrapper  \"><div class=\"align-icon\" style=\"text-align:center;\">\n<div class=\"aio-icon circle \"  style=\"color:#262f62;background:#ffffff;font-size:32px;display:inline-block;\">\n\t<i class=\"icomoon-icomoonfree-16x16-folder-open\"><\/i>\n<\/div><\/div><\/div><\/div><div class=\"aio-icon-header\" ><h3 class=\"aio-icon-title ult-responsive\"  data-ultimate-target='#Info-box-wrap-2103 .aio-icon-title'  data-responsive-json-new='{\"font-size\":\"\",\"line-height\":\"\"}'  style=\"\">Documentaci\u00f3n:<\/h3><\/div> <!-- header --><div class=\"aio-icon-description ult-responsive\"  data-ultimate-target='#Info-box-wrap-2103 .aio-icon-description'  data-responsive-json-new='{\"font-size\":\"\",\"line-height\":\"\"}'  style=\"\">Al igual que otros modos de transporte internacional, el transporte a\u00e9reo requiere una documentaci\u00f3n precisa. Esto incluye la declaraci\u00f3n de mercanc\u00edas, facturas comerciales, certificados de origen y otros documentos necesarios para el despacho aduanero y el cumplimiento de las regulaciones.<\/div> <!-- description --><\/div> <!-- aio-icon-box --><\/div> <!-- aio-icon-component -->[\/vc_column_inner][\/vc_row_inner][\/vc_column][\/vc_row][vc_row][vc_column][vc_row_inner][vc_column_inner][vc_column_text]<\/p>\n<h3 style=\"text-align: center;\">Alianzas y Certificaciones<\/h3>\n<p>[\/vc_column_text][vc_single_image image=&#8221;2433&#8243; img_size=&#8221;full&#8221; alignment=&#8221;center&#8221;][\/vc_column_inner][\/vc_row_inner][\/vc_column][\/vc_row][vc_row css=&#8221;.vc_custom_1727973988402{padding-top: 60px !important;padding-bottom: 60px !important;}&#8221;][vc_column][vc_column_text]<\/p>\n<h2 style=\"text-align: center;\">Preguntas Frecuentes<\/h2>\n<p>[\/vc_column_text][vc_tta_accordion color=&#8221;blue&#8221; spacing=&#8221;1&#8243; gap=&#8221;1&#8243; active_section=&#8221;&#8221; no_fill=&#8221;true&#8221; collapsible_all=&#8221;true&#8221;][vc_tta_section title=&#8221;\u00bfQu\u00e9 tipo de servicios ofrecen?&#8221; tab_id=&#8221;1727973626523-9ed656cf-b4f3&#8243;][vc_column_text]Ofrecemos servicios de courier, carga expr\u00e9s y carga general a nivel mundial.[\/vc_column_text][\/vc_tta_section][vc_tta_section title=&#8221;\u00bfA d\u00f3nde pueden enviar cargas a\u00e9reas?&#8221; tab_id=&#8221;1727973681465-d1934e9a-c7cc&#8221;][vc_column_text]Podemos enviar cargas a\u00e9reas hacia y desde cualquier parte del mundo, ya que contamos con agentes en todos los continentes.[\/vc_column_text][\/vc_tta_section][vc_tta_section title=&#8221;\u00bfQu\u00e9 tipo de cargas pueden manejar?&#8221; tab_id=&#8221;1727973680981-652df20f-9219&#8243;][vc_column_text]Manejamos todo tipo de cargas, incluyendo carga general, mercanc\u00edas peligrosas, perecederas y sobredimensionadas.[\/vc_column_text][\/vc_tta_section][vc_tta_section title=&#8221;\u00bfQu\u00e9 es la carga general?&#8221; tab_id=&#8221;1727973680398-87f599b6-cef1&#8243;][vc_column_text]La carga general es la que no necesita control de temperatura y tiene dimensiones est\u00e1ndar, lo que la hace la m\u00e1s com\u00fan.[\/vc_column_text][\/vc_tta_section][vc_tta_section title=&#8221;\u00bfQu\u00e9 se considera como mercanc\u00edas peligrosas?&#8221; tab_id=&#8221;1727973679711-ac9dd5ff-3b32&#8243;][vc_column_text]Las mercanc\u00edas peligrosas incluyen productos como sustancias t\u00f3xicas, inflamables, gases contaminantes, productos radioactivos, venenosos o explosivos.[\/vc_column_text][\/vc_tta_section][vc_tta_section title=&#8221;\u00bfQu\u00e9 son las mercanc\u00edas perecederas y c\u00f3mo las manejan?&#8221; tab_id=&#8221;1727973679072-a62e1001-ce89&#8243;][vc_column_text]Las mercanc\u00edas perecederas son productos que requieren un control constante de temperatura, como alimentos, flores y medicinas. Las manejamos con equipos y procedimientos especiales para garantizar su conservaci\u00f3n.[\/vc_column_text][\/vc_tta_section][vc_tta_section title=&#8221;\u00bfQu\u00e9 es la carga sobredimensionada?&#8221; tab_id=&#8221;1727973678427-746f894a-e02d&#8221;][vc_column_text]La carga sobredimensionada supera el peso y las dimensiones de los equipos est\u00e1ndar, por lo que requiere transporte especial.[\/vc_column_text][\/vc_tta_section][vc_tta_section title=&#8221;\u00bfQu\u00e9 ventajas ofrece su oficina en Estados Unidos?&#8221; tab_id=&#8221;1727973677726-9e2957a5-3765&#8243;][vc_column_text]Nuestra oficina en Estados Unidos permite la consolidaci\u00f3n de carga y un trato 100% personalizado, con notificaciones por correo electr\u00f3nico, fotos de la carga y otros servicios.[\/vc_column_text][\/vc_tta_section][vc_tta_section title=&#8221;\u00bfCon qu\u00e9 frecuencia realizan env\u00edos a\u00e9reos?&#8221; tab_id=&#8221;1727973676995-63db51b5-f1eb&#8221;][vc_column_text]Realizamos env\u00edos a\u00e9reos diariamente para asegurar la rapidez que su empresa necesita.[\/vc_column_text][\/vc_tta_section][vc_tta_section title=&#8221;\u00bfQu\u00e9 requisitos de documentaci\u00f3n hay para el transporte a\u00e9reo internacional?&#8221; tab_id=&#8221;1727973676315-65c07652-2011&#8243;][vc_column_text]El transporte a\u00e9reo internacional requiere documentaci\u00f3n precisa, como la declaraci\u00f3n de mercanc\u00edas, facturas comerciales, certificados de origen y otros documentos necesarios para el cumplimiento aduanero y regulatorio.[\/vc_column_text][\/vc_tta_section][\/vc_tta_accordion][\/vc_column][\/vc_row]<\/p>\n<\/div>","protected":false},"excerpt":{"rendered":"<p>[vc_row full_width=&#8221;stretch_row&#8221; css=&#8221;.vc_custom_1705941137297{margin-top: -70px !important;padding-top: 60px !important;padding-bottom: 60px !important;background-color: #f9f9f9 !important;}&#8221;][vc_column][vc_row_inner][vc_column_inner width=&#8221;1\/2&#8243;][vc_column_text] Servicio de courier, carga express y carga general. Ofrecemos servicio a\u00e9reo desde y hacia cualquier parte del mundo. &nbsp; Manejamos todos los comoditys, desde carga general o mercanc\u00eda seca, hasta refrigerada, peligrosa (dangerous goods\/hazmats) o sobredimensionada. La carga general es la m\u00e1s com\u00fan&hellip;<\/p>\n","protected":false},"author":2,"featured_media":0,"parent":0,"menu_order":300,"comment_status":"closed","ping_status":"closed","template":"","meta":{"_acf_changed":false,"_joinchat":[],"footnotes":""},"class_list":["post-1595","page","type-page","status-publish","hentry","description-off"],"acf":[],"yoast_head":"<!-- This site is optimized with the Yoast SEO plugin v24.9 - https:\/\/yoast.com\/wordpress\/plugins\/seo\/ -->\n<title>SICSA | Transporte A\u00e9reo Internacional | Servicios de env\u00edo de carga a\u00e9rea<\/title>\n<meta name=\"description\" content=\"Explore el servicio de transporte a\u00e9reo internacional sin interrupciones con SICSA, un servicio de env\u00edo de carga a\u00e9rea desde 1976.\" \/>\n<meta name=\"robots\" content=\"index, follow, max-snippet:-1, max-image-preview:large, max-video-preview:-1\" \/>\n<link rel=\"canonical\" href=\"https:\/\/sicsa.cr\/espanol\/transporte-internacional-aereo\/\" \/>\n<meta property=\"og:locale\" content=\"en_US\" \/>\n<meta property=\"og:type\" content=\"article\" \/>\n<meta property=\"og:title\" content=\"SICSA | Transporte A\u00e9reo Internacional | Servicios de env\u00edo de carga a\u00e9rea\" \/>\n<meta property=\"og:description\" content=\"Explore el servicio de transporte a\u00e9reo internacional sin interrupciones con SICSA, un servicio de env\u00edo de carga a\u00e9rea desde 1976.\" \/>\n<meta property=\"og:url\" content=\"https:\/\/sicsa.cr\/espanol\/transporte-internacional-aereo\/\" \/>\n<meta property=\"og:site_name\" content=\"SICSA\" \/>\n<meta property=\"article:publisher\" content=\"https:\/\/www.facebook.com\/SICSAINTERNACIONAL\" \/>\n<meta property=\"article:modified_time\" content=\"2026-03-24T18:47:07+00:00\" \/>\n<meta property=\"og:image\" content=\"https:\/\/sicsa.cr\/espanol\/wp-content\/uploads\/2023\/12\/logo-sicsa-alta.jpg\" \/>\n\t<meta property=\"og:image:width\" content=\"500\" \/>\n\t<meta property=\"og:image:height\" content=\"221\" \/>\n\t<meta property=\"og:image:type\" content=\"image\/jpeg\" \/>\n<meta name=\"twitter:card\" content=\"summary_large_image\" \/>\n<meta name=\"twitter:label1\" content=\"Est. reading time\" \/>\n\t<meta name=\"twitter:data1\" content=\"4 minutes\" \/>\n<script type=\"application\/ld+json\" class=\"yoast-schema-graph\">{\"@context\":\"https:\/\/schema.org\",\"@graph\":[{\"@type\":\"WebPage\",\"@id\":\"https:\/\/sicsa.cr\/espanol\/transporte-internacional-aereo\/\",\"url\":\"https:\/\/sicsa.cr\/espanol\/transporte-internacional-aereo\/\",\"name\":\"SICSA | Transporte A\u00e9reo Internacional | Servicios de env\u00edo de carga a\u00e9rea\",\"isPartOf\":{\"@id\":\"https:\/\/sicsa.cr\/espanol\/#website\"},\"datePublished\":\"2016-01-29T10:13:23+00:00\",\"dateModified\":\"2026-03-24T18:47:07+00:00\",\"description\":\"Explore el servicio de transporte a\u00e9reo internacional sin interrupciones con SICSA, un servicio de env\u00edo de carga a\u00e9rea desde 1976.\",\"breadcrumb\":{\"@id\":\"https:\/\/sicsa.cr\/espanol\/transporte-internacional-aereo\/#breadcrumb\"},\"inLanguage\":\"en-US\",\"potentialAction\":[{\"@type\":\"ReadAction\",\"target\":[\"https:\/\/sicsa.cr\/espanol\/transporte-internacional-aereo\/\"]}]},{\"@type\":\"BreadcrumbList\",\"@id\":\"https:\/\/sicsa.cr\/espanol\/transporte-internacional-aereo\/#breadcrumb\",\"itemListElement\":[{\"@type\":\"ListItem\",\"position\":1,\"name\":\"Home\",\"item\":\"https:\/\/sicsa.cr\/espanol\/\"},{\"@type\":\"ListItem\",\"position\":2,\"name\":\"Transporte internacional a\u00e9reo\"}]},{\"@type\":\"WebSite\",\"@id\":\"https:\/\/sicsa.cr\/espanol\/#website\",\"url\":\"https:\/\/sicsa.cr\/espanol\/\",\"name\":\"SICSA Operador Log\u00edstico Internacional | Desde 1976\",\"description\":\"Operador Log\u00edstico Internacional\",\"publisher\":{\"@id\":\"https:\/\/sicsa.cr\/espanol\/#organization\"},\"potentialAction\":[{\"@type\":\"SearchAction\",\"target\":{\"@type\":\"EntryPoint\",\"urlTemplate\":\"https:\/\/sicsa.cr\/espanol\/?s={search_term_string}\"},\"query-input\":{\"@type\":\"PropertyValueSpecification\",\"valueRequired\":true,\"valueName\":\"search_term_string\"}}],\"inLanguage\":\"en-US\"},{\"@type\":\"Organization\",\"@id\":\"https:\/\/sicsa.cr\/espanol\/#organization\",\"name\":\"SICSA\",\"url\":\"https:\/\/sicsa.cr\/espanol\/\",\"logo\":{\"@type\":\"ImageObject\",\"inLanguage\":\"en-US\",\"@id\":\"https:\/\/sicsa.cr\/espanol\/#\/schema\/logo\/image\/\",\"url\":\"https:\/\/sicsa.cr\/espanol\/wp-content\/uploads\/2023\/12\/logo-small-1.png\",\"contentUrl\":\"https:\/\/sicsa.cr\/espanol\/wp-content\/uploads\/2023\/12\/logo-small-1.png\",\"width\":177,\"height\":80,\"caption\":\"SICSA\"},\"image\":{\"@id\":\"https:\/\/sicsa.cr\/espanol\/#\/schema\/logo\/image\/\"},\"sameAs\":[\"https:\/\/www.facebook.com\/SICSAINTERNACIONAL\",\"https:\/\/www.linkedin.com\/company\/sicsainternacional1976\/\",\"https:\/\/www.instagram.com\/sicsainternacional\/\"]}]}<\/script>\n<!-- \/ Yoast SEO plugin. -->","yoast_head_json":{"title":"SICSA | Transporte A\u00e9reo Internacional | Servicios de env\u00edo de carga a\u00e9rea","description":"Explore el servicio de transporte a\u00e9reo internacional sin interrupciones con SICSA, un servicio de env\u00edo de carga a\u00e9rea desde 1976.","robots":{"index":"index","follow":"follow","max-snippet":"max-snippet:-1","max-image-preview":"max-image-preview:large","max-video-preview":"max-video-preview:-1"},"canonical":"https:\/\/sicsa.cr\/espanol\/transporte-internacional-aereo\/","og_locale":"en_US","og_type":"article","og_title":"SICSA | Transporte A\u00e9reo Internacional | Servicios de env\u00edo de carga a\u00e9rea","og_description":"Explore el servicio de transporte a\u00e9reo internacional sin interrupciones con SICSA, un servicio de env\u00edo de carga a\u00e9rea desde 1976.","og_url":"https:\/\/sicsa.cr\/espanol\/transporte-internacional-aereo\/","og_site_name":"SICSA","article_publisher":"https:\/\/www.facebook.com\/SICSAINTERNACIONAL","article_modified_time":"2026-03-24T18:47:07+00:00","og_image":[{"width":500,"height":221,"url":"https:\/\/sicsa.cr\/espanol\/wp-content\/uploads\/2023\/12\/logo-sicsa-alta.jpg","type":"image\/jpeg"}],"twitter_card":"summary_large_image","twitter_misc":{"Est. reading time":"4 minutes"},"schema":{"@context":"https:\/\/schema.org","@graph":[{"@type":"WebPage","@id":"https:\/\/sicsa.cr\/espanol\/transporte-internacional-aereo\/","url":"https:\/\/sicsa.cr\/espanol\/transporte-internacional-aereo\/","name":"SICSA | Transporte A\u00e9reo Internacional | Servicios de env\u00edo de carga a\u00e9rea","isPartOf":{"@id":"https:\/\/sicsa.cr\/espanol\/#website"},"datePublished":"2016-01-29T10:13:23+00:00","dateModified":"2026-03-24T18:47:07+00:00","description":"Explore el servicio de transporte a\u00e9reo internacional sin interrupciones con SICSA, un servicio de env\u00edo de carga a\u00e9rea desde 1976.","breadcrumb":{"@id":"https:\/\/sicsa.cr\/espanol\/transporte-internacional-aereo\/#breadcrumb"},"inLanguage":"en-US","potentialAction":[{"@type":"ReadAction","target":["https:\/\/sicsa.cr\/espanol\/transporte-internacional-aereo\/"]}]},{"@type":"BreadcrumbList","@id":"https:\/\/sicsa.cr\/espanol\/transporte-internacional-aereo\/#breadcrumb","itemListElement":[{"@type":"ListItem","position":1,"name":"Home","item":"https:\/\/sicsa.cr\/espanol\/"},{"@type":"ListItem","position":2,"name":"Transporte internacional a\u00e9reo"}]},{"@type":"WebSite","@id":"https:\/\/sicsa.cr\/espanol\/#website","url":"https:\/\/sicsa.cr\/espanol\/","name":"SICSA Operador Log\u00edstico Internacional | Desde 1976","description":"Operador Log\u00edstico Internacional","publisher":{"@id":"https:\/\/sicsa.cr\/espanol\/#organization"},"potentialAction":[{"@type":"SearchAction","target":{"@type":"EntryPoint","urlTemplate":"https:\/\/sicsa.cr\/espanol\/?s={search_term_string}"},"query-input":{"@type":"PropertyValueSpecification","valueRequired":true,"valueName":"search_term_string"}}],"inLanguage":"en-US"},{"@type":"Organization","@id":"https:\/\/sicsa.cr\/espanol\/#organization","name":"SICSA","url":"https:\/\/sicsa.cr\/espanol\/","logo":{"@type":"ImageObject","inLanguage":"en-US","@id":"https:\/\/sicsa.cr\/espanol\/#\/schema\/logo\/image\/","url":"https:\/\/sicsa.cr\/espanol\/wp-content\/uploads\/2023\/12\/logo-small-1.png","contentUrl":"https:\/\/sicsa.cr\/espanol\/wp-content\/uploads\/2023\/12\/logo-small-1.png","width":177,"height":80,"caption":"SICSA"},"image":{"@id":"https:\/\/sicsa.cr\/espanol\/#\/schema\/logo\/image\/"},"sameAs":["https:\/\/www.facebook.com\/SICSAINTERNACIONAL","https:\/\/www.linkedin.com\/company\/sicsainternacional1976\/","https:\/\/www.instagram.com\/sicsainternacional\/"]}]}},"_links":{"self":[{"href":"https:\/\/sicsa.cr\/espanol\/wp-json\/wp\/v2\/pages\/1595","targetHints":{"allow":["GET"]}}],"collection":[{"href":"https:\/\/sicsa.cr\/espanol\/wp-json\/wp\/v2\/pages"}],"about":[{"href":"https:\/\/sicsa.cr\/espanol\/wp-json\/wp\/v2\/types\/page"}],"author":[{"embeddable":true,"href":"https:\/\/sicsa.cr\/espanol\/wp-json\/wp\/v2\/users\/2"}],"replies":[{"embeddable":true,"href":"https:\/\/sicsa.cr\/espanol\/wp-json\/wp\/v2\/comments?post=1595"}],"version-history":[{"count":42,"href":"https:\/\/sicsa.cr\/espanol\/wp-json\/wp\/v2\/pages\/1595\/revisions"}],"predecessor-version":[{"id":2435,"href":"https:\/\/sicsa.cr\/espanol\/wp-json\/wp\/v2\/pages\/1595\/revisions\/2435"}],"wp:attachment":[{"href":"https:\/\/sicsa.cr\/espanol\/wp-json\/wp\/v2\/media?parent=1595"}],"curies":[{"name":"wp","href":"https:\/\/api.w.org\/{rel}","templated":true}]}}