{"id":2045,"date":"2024-01-22T19:12:31","date_gmt":"2024-01-22T18:12:31","guid":{"rendered":"https:\/\/sicsa.cr\/espanol\/?page_id=2045"},"modified":"2026-01-27T23:52:52","modified_gmt":"2026-01-27T22:52:52","slug":"transporte-internacional-maritimo","status":"publish","type":"page","link":"https:\/\/sicsa.cr\/espanol\/transporte-internacional-maritimo\/","title":{"rendered":"Transporte internacional mar\u00edtimo"},"content":{"rendered":"<div class=\"wpb-content-wrapper\"><p>[vc_row full_width=&#8221;stretch_row&#8221; css=&#8221;.vc_custom_1705941137297{margin-top: -70px !important;padding-top: 60px !important;padding-bottom: 60px !important;background-color: #f9f9f9 !important;}&#8221;][vc_column][vc_row_inner][vc_column_inner][vc_column_text]<\/p>\n<h3 style=\"text-align: left;\">Servicio de transporte mar\u00edtimo desde y hacia cualquier parte del mundo.<\/h3>\n<p style=\"text-align: justify;\">Ofrecemos servicios de contenedores completos (FCL: Full Container Load) o carga consolidada (LCL: Less Than a Container Load), dependiendo de su necesidad y el volumen a transportar.<\/p>\n<p style=\"text-align: justify;\">De la misma manera, manejamos carga general, peligrosa, refrigerada y sobredimensionada (como lo es la carga proyecto).<\/p>\n<p>[\/vc_column_text][vc_column_text][\/vc_column_text][\/vc_column_inner][\/vc_row_inner][\/vc_column][\/vc_row][vc_row full_width=&#8221;stretch_row&#8221; css=&#8221;.vc_custom_1705948670125{padding-top: 60px !important;padding-bottom: 60px !important;}&#8221;][vc_column][vc_row_inner][vc_column_inner width=&#8221;1\/2&#8243;][vc_column_text]Al contar con Sucursal en Estados Unidos los beneficios provenientes de este origen son la consolidaci\u00f3n y un trato personalizado 100%: notificaciones v\u00eda correo electr\u00f3nico, software, fotograf\u00edas del warehouse y carga, entre otros.<\/p>\n<p>&nbsp;<\/p>\n<h3>Ofrecemos salidas semanales mar\u00edtimas para la inmediatez que su empresa necesita.<\/h3>\n<p>&nbsp;<\/p>\n<p>De la misma manera, este servicio lo ofrecemos tanto de importaci\u00f3n como exportaci\u00f3n hacia y desde cualquier parte del mundo. Contamos con agentes en cada continente para la conexi\u00f3n que su empresa necesita.<\/p>\n<p>&nbsp;<\/p>\n<p>Otra variable que ofrecemos es las operaciones triangulares. Su mercanc\u00eda puede viajar de un lugar a otro sin pasar por territorio nacional.\u2028Cada una de las empresas est\u00e1 en un pa\u00eds diferente actuando cada una de ellas como intermediaria entre el proveedor y el cliente final.\u2028El transporte se gestiona para un cliente entre dos pa\u00edses diferentes del que reside su empresa.<\/p>\n<p>&nbsp;<\/p>\n<p>\u00a1Especialistas en carga consolidada, full container y carga proyecto![\/vc_column_text][\/vc_column_inner][vc_column_inner width=&#8221;1\/2&#8243;][vc_single_image image=&#8221;2173&#8243; img_size=&#8221;700 x 700&#8243; style=&#8221;vc_box_rounded&#8221;][\/vc_column_inner][\/vc_row_inner][\/vc_column][\/vc_row][vc_row full_width=&#8221;stretch_row&#8221; css=&#8221;.vc_custom_1708118327139{padding-top: 50px !important;padding-bottom: 50px !important;background-color: #252e66 !important;border-radius: 20px !important;}&#8221;][vc_column][vc_column_text]<\/p>\n<h3><span style=\"color: #ffffff;\">Ventajas del transporte mar\u00edtimo:<\/span><\/h3>\n<p>[\/vc_column_text][vc_row_inner css=&#8221;.vc_custom_1707416089083{padding-top: 40px !important;padding-right: 40px !important;padding-bottom: 40px !important;padding-left: 40px !important;background-color: #ffffff !important;border-radius: 20px !important;}&#8221;][vc_column_inner width=&#8221;1\/2&#8243;]<div class=\"aio-icon-component    style_1\"><div id=\"Info-box-wrap-9524\" class=\"aio-icon-box default-icon\" style=\"\"  ><div class=\"aio-icon-default\"><div class=\"ult-just-icon-wrapper  \"><div class=\"align-icon\" style=\"text-align:center;\">\n<div class=\"aio-icon circle \"  style=\"color:#262f62;background:#ffffff;font-size:32px;display:inline-block;\">\n\t<i class=\"fas fa-boxes\"><\/i>\n<\/div><\/div><\/div><\/div><div class=\"aio-icon-header\" ><h3 class=\"aio-icon-title ult-responsive\"  data-ultimate-target='#Info-box-wrap-9524 .aio-icon-title'  data-responsive-json-new='{\"font-size\":\"\",\"line-height\":\"\"}'  style=\"\">Volumen:<\/h3><\/div> <!-- header --><div class=\"aio-icon-description ult-responsive\"  data-ultimate-target='#Info-box-wrap-9524 .aio-icon-description'  data-responsive-json-new='{\"font-size\":\"\",\"line-height\":\"\"}'  style=\"\">El transporte mar\u00edtimo es el m\u00e9todo m\u00e1s utilizado para el comercio internacional, especialmente para mercanc\u00edas a granel y de gran tama\u00f1o. Buques cargueros pueden transportar grandes cantidades de mercanc\u00edas, desde contenedores est\u00e1ndar hasta graneles como carga proyecto, petr\u00f3leo, carb\u00f3n, granos y m\u00e1s.<\/div> <!-- description --><\/div> <!-- aio-icon-box --><\/div> <!-- aio-icon-component --><div class=\"aio-icon-component    style_1\"><div id=\"Info-box-wrap-8587\" class=\"aio-icon-box default-icon\" style=\"\"  ><div class=\"aio-icon-default\"><div class=\"ult-just-icon-wrapper  \"><div class=\"align-icon\" style=\"text-align:center;\">\n<div class=\"aio-icon circle \"  style=\"color:#262f62;background:#ffffff;font-size:32px;display:inline-block;\">\n\t<i class=\"icomoon-icomoonfree-16x16-coin-dollar\"><\/i>\n<\/div><\/div><\/div><\/div><div class=\"aio-icon-header\" ><h3 class=\"aio-icon-title ult-responsive\"  data-ultimate-target='#Info-box-wrap-8587 .aio-icon-title'  data-responsive-json-new='{\"font-size\":\"\",\"line-height\":\"\"}'  style=\"\">Costo-efectividad:<\/h3><\/div> <!-- header --><div class=\"aio-icon-description ult-responsive\"  data-ultimate-target='#Info-box-wrap-8587 .aio-icon-description'  data-responsive-json-new='{\"font-size\":\"\",\"line-height\":\"\"}'  style=\"\">En t\u00e9rminos de costo por tonelada transportada, el transporte mar\u00edtimo tiende a ser m\u00e1s econ\u00f3mico en comparaci\u00f3n con otros modos de transporte como el a\u00e9reo. Esto es especialmente cierto para grandes vol\u00famenes de mercanc\u00edas y distancias largas.<\/div> <!-- description --><\/div> <!-- aio-icon-box --><\/div> <!-- aio-icon-component --><div class=\"aio-icon-component    style_1\"><div id=\"Info-box-wrap-3243\" class=\"aio-icon-box default-icon\" style=\"\"  ><div class=\"aio-icon-default\"><div class=\"ult-just-icon-wrapper  \"><div class=\"align-icon\" style=\"text-align:center;\">\n<div class=\"aio-icon circle \"  style=\"color:#262f62;background:#ffffff;font-size:32px;display:inline-block;\">\n\t<i class=\"icomoon-icomoonfree-16x16-library\"><\/i>\n<\/div><\/div><\/div><\/div><div class=\"aio-icon-header\" ><h3 class=\"aio-icon-title ult-responsive\"  data-ultimate-target='#Info-box-wrap-3243 .aio-icon-title'  data-responsive-json-new='{\"font-size\":\"\",\"line-height\":\"\"}'  style=\"\">Regulaciones:<\/h3><\/div> <!-- header --><div class=\"aio-icon-description ult-responsive\"  data-ultimate-target='#Info-box-wrap-3243 .aio-icon-description'  data-responsive-json-new='{\"font-size\":\"\",\"line-height\":\"\"}'  style=\"\">El transporte mar\u00edtimo internacional est\u00e1 sujeto a regulaciones internacionales establecidas por organizaciones como la Organizaci\u00f3n Mar\u00edtima Internacional (OMI). Estas regulaciones abarcan \u00e1reas como seguridad mar\u00edtima, protecci\u00f3n ambiental, formaci\u00f3n de la tripulaci\u00f3n y m\u00e1s.<\/div> <!-- description --><\/div> <!-- aio-icon-box --><\/div> <!-- aio-icon-component -->[\/vc_column_inner][vc_column_inner width=&#8221;1\/2&#8243;]<div class=\"aio-icon-component    style_1\"><div id=\"Info-box-wrap-1823\" class=\"aio-icon-box default-icon\" style=\"\"  ><div class=\"aio-icon-default\"><div class=\"ult-just-icon-wrapper  \"><div class=\"align-icon\" style=\"text-align:center;\">\n<div class=\"aio-icon circle \"  style=\"color:#262f62;background:#ffffff;font-size:32px;display:inline-block;\">\n\t<i class=\"icomoon-icomoonfree-16x16-file-text2\"><\/i>\n<\/div><\/div><\/div><\/div><div class=\"aio-icon-header\" ><h3 class=\"aio-icon-title ult-responsive\"  data-ultimate-target='#Info-box-wrap-1823 .aio-icon-title'  data-responsive-json-new='{\"font-size\":\"\",\"line-height\":\"\"}'  style=\"\">Documentaci\u00f3n:<\/h3><\/div> <!-- header --><div class=\"aio-icon-description ult-responsive\"  data-ultimate-target='#Info-box-wrap-1823 .aio-icon-description'  data-responsive-json-new='{\"font-size\":\"\",\"line-height\":\"\"}'  style=\"\">Al igual que con otros modos de transporte internacional, el transporte mar\u00edtimo requiere una documentaci\u00f3n precisa, que puede incluir conocimientos de embarque, facturas comerciales, certificados de origen y otros documentos relacionados con el despacho aduanero y la regulaci\u00f3n.<\/div> <!-- description --><\/div> <!-- aio-icon-box --><\/div> <!-- aio-icon-component --><div class=\"aio-icon-component    style_1\"><div id=\"Info-box-wrap-7088\" class=\"aio-icon-box default-icon\" style=\"\"  ><div class=\"aio-icon-default\"><div class=\"ult-just-icon-wrapper  \"><div class=\"align-icon\" style=\"text-align:center;\">\n<div class=\"aio-icon circle \"  style=\"color:#262f62;background:#ffffff;font-size:32px;display:inline-block;\">\n\t<i class=\"fas fa-ship\"><\/i>\n<\/div><\/div><\/div><\/div><div class=\"aio-icon-header\" ><h3 class=\"aio-icon-title ult-responsive\"  data-ultimate-target='#Info-box-wrap-7088 .aio-icon-title'  data-responsive-json-new='{\"font-size\":\"\",\"line-height\":\"\"}'  style=\"\">Tipos de buques:<\/h3><\/div> <!-- header --><div class=\"aio-icon-description ult-responsive\"  data-ultimate-target='#Info-box-wrap-7088 .aio-icon-description'  data-responsive-json-new='{\"font-size\":\"\",\"line-height\":\"\"}'  style=\"\">Existen diferentes tipos de buques dise\u00f1ados para transportar diferentes tipos de mercanc\u00edas, incluyendo portacontenedores, graneleros, tanqueros, buques de carga rodante, entre otros.<\/div> <!-- description --><\/div> <!-- aio-icon-box --><\/div> <!-- aio-icon-component --><div class=\"aio-icon-component    style_1\"><div id=\"Info-box-wrap-8652\" class=\"aio-icon-box default-icon\" style=\"\"  ><div class=\"aio-icon-default\"><div class=\"ult-just-icon-wrapper  \"><div class=\"align-icon\" style=\"text-align:center;\">\n<div class=\"aio-icon circle \"  style=\"color:#262f62;background:#ffffff;font-size:32px;display:inline-block;\">\n\t<i class=\"icomoon-icomoonfree-16x16-leaf\"><\/i>\n<\/div><\/div><\/div><\/div><div class=\"aio-icon-header\" ><h3 class=\"aio-icon-title ult-responsive\"  data-ultimate-target='#Info-box-wrap-8652 .aio-icon-title'  data-responsive-json-new='{\"font-size\":\"\",\"line-height\":\"\"}'  style=\"\">Impacto ambiental:<\/h3><\/div> <!-- header --><div class=\"aio-icon-description ult-responsive\"  data-ultimate-target='#Info-box-wrap-8652 .aio-icon-description'  data-responsive-json-new='{\"font-size\":\"\",\"line-height\":\"\"}'  style=\"\">El transporte mar\u00edtimo, al igual que otras actividades industriales, tiene implicaciones ambientales. Las preocupaciones incluyen la contaminaci\u00f3n del agua por derrames de petr\u00f3leo, emisiones de gases de efecto invernadero de los buques y el impacto en la vida marina.<\/div> <!-- description --><\/div> <!-- aio-icon-box --><\/div> <!-- aio-icon-component -->[\/vc_column_inner][\/vc_row_inner][\/vc_column][\/vc_row][vc_row][vc_column][vc_column_text]<\/p>\n<h3 style=\"text-align: center;\">Alianzas y Certificaciones<\/h3>\n<p>[\/vc_column_text][vc_single_image image=&#8221;2433&#8243; img_size=&#8221;full&#8221; alignment=&#8221;center&#8221;][\/vc_column][\/vc_row][vc_row css=&#8221;.vc_custom_1727974409699{padding-top: 60px !important;padding-bottom: 60px !important;}&#8221;][vc_column][vc_column_text]<\/p>\n<h2 style=\"text-align: center;\">Preguntas Frecuentes<\/h2>\n<p>[\/vc_column_text][vc_tta_accordion color=&#8221;blue&#8221; spacing=&#8221;1&#8243; gap=&#8221;1&#8243; active_section=&#8221;&#8221; no_fill=&#8221;true&#8221; collapsible_all=&#8221;true&#8221;][vc_tta_section title=&#8221;\u00bfQu\u00e9 tipos de servicios de carga mar\u00edtima ofrecen?&#8221; tab_id=&#8221;1727974053008-e7048999-a8ba&#8221;][vc_column_text]Ofrecemos servicios de carga completa de contenedor (FCL) y carga menor a un contenedor (LCL) seg\u00fan tus necesidades y el volumen a transportar.[\/vc_column_text][\/vc_tta_section][vc_tta_section title=&#8221;\u00bfPueden manejar diferentes tipos de carga?&#8221; tab_id=&#8221;1727974159347-be17491f-dd8e&#8221;][vc_column_text]S\u00ed, manejamos carga general, mercanc\u00edas peligrosas, refrigeradas y sobredimensionadas, incluyendo carga de proyectos.[\/vc_column_text][\/vc_tta_section][vc_tta_section title=&#8221;\u00bfCu\u00e1les son las ventajas de su oficina en Estados Unidos?&#8221; tab_id=&#8221;1727974158605-4414f660-270e&#8221;][vc_column_text]Nuestra oficina en Estados Unidos ofrece consolidaci\u00f3n de carga y un servicio 100% personalizado, incluyendo notificaciones por correo electr\u00f3nico, soporte de software y fotos de la carga.[\/vc_column_text][\/vc_tta_section][vc_tta_section title=&#8221;\u00bfCon qu\u00e9 frecuencia tienen salidas mar\u00edtimas?&#8221; tab_id=&#8221;1727974157875-ee9baa26-06c2&#8243;][vc_column_text]Ofrecemos salidas mar\u00edtimas semanales para asegurar entregas r\u00e1pidas seg\u00fan las necesidades de tu empresa.[\/vc_column_text][\/vc_tta_section][vc_tta_section title=&#8221;\u00bfPueden gestionar importaciones y exportaciones internacionales?&#8221; tab_id=&#8221;1727974157053-e024d0b0-d2ab&#8221;][vc_column_text]S\u00ed, ofrecemos servicios de importaci\u00f3n y exportaci\u00f3n desde y hacia cualquier parte del mundo, con agentes en cada continente.[\/vc_column_text][\/vc_tta_section][vc_tta_section title=&#8221;\u00bfQu\u00e9 son las operaciones triangulares?&#8221; tab_id=&#8221;1727974156329-5d22bb2b-495d&#8221;][vc_column_text]Las operaciones triangulares permiten que tus mercanc\u00edas se transporten entre dos pa\u00edses sin pasar por el territorio nacional, actuando como intermediario entre el proveedor y el cliente final.[\/vc_column_text][\/vc_tta_section][vc_tta_section title=&#8221;\u00bfQu\u00e9 tan rentable es el transporte mar\u00edtimo?&#8221; tab_id=&#8221;1727974155613-37756c5a-5ae2&#8243;][vc_column_text]El transporte mar\u00edtimo es generalmente m\u00e1s econ\u00f3mico para grandes vol\u00famenes y largas distancias en comparaci\u00f3n con otros m\u00e9todos, como el transporte a\u00e9reo.[\/vc_column_text][\/vc_tta_section][vc_tta_section title=&#8221;\u00bfQu\u00e9 documentaci\u00f3n se requiere para el transporte mar\u00edtimo?&#8221; tab_id=&#8221;1727974154850-5e8205c7-f00f&#8221;][vc_column_text]Se necesita documentaci\u00f3n precisa, como conocimientos de embarque, facturas comerciales, certificados de origen y otros documentos aduaneros.[\/vc_column_text][\/vc_tta_section][vc_tta_section title=&#8221;\u00bfQu\u00e9 tipos de embarcaciones se utilizan en el transporte mar\u00edtimo?&#8221; tab_id=&#8221;1727974154028-2d379116-948b&#8221;][vc_column_text]Utilizamos diferentes tipos de embarcaciones, como buques portacontenedores, graneleros, petroleros y barcos roll-on\/roll-off, seg\u00fan el tipo de carga a transportar.[\/vc_column_text][\/vc_tta_section][vc_tta_section title=&#8221;\u00bfCu\u00e1les son los impactos ambientales del transporte mar\u00edtimo?&#8221; tab_id=&#8221;1727974153256-936122f6-ba1a&#8221;][vc_column_text]El transporte mar\u00edtimo tiene impactos ambientales, como la contaminaci\u00f3n del agua, emisiones de gases de efecto invernadero y efectos sobre la vida marina, regulados por organizaciones internacionales.[\/vc_column_text][\/vc_tta_section][\/vc_tta_accordion][\/vc_column][\/vc_row]<\/p>\n<\/div>","protected":false},"excerpt":{"rendered":"<p>[vc_row full_width=&#8221;stretch_row&#8221; css=&#8221;.vc_custom_1705941137297{margin-top: -70px !important;padding-top: 60px !important;padding-bottom: 60px !important;background-color: #f9f9f9 !important;}&#8221;][vc_column][vc_row_inner][vc_column_inner][vc_column_text] Servicio de transporte mar\u00edtimo desde y hacia cualquier parte del mundo. Ofrecemos servicios de contenedores completos (FCL: Full Container Load) o carga consolidada (LCL: Less Than a Container Load), dependiendo de su necesidad y el volumen a transportar. De la misma manera, manejamos carga&hellip;<\/p>\n","protected":false},"author":2,"featured_media":0,"parent":0,"menu_order":0,"comment_status":"closed","ping_status":"closed","template":"","meta":{"_acf_changed":false,"_joinchat":[],"footnotes":""},"class_list":["post-2045","page","type-page","status-publish","hentry","description-off"],"acf":[],"yoast_head":"<!-- This site is optimized with the Yoast SEO plugin v24.9 - https:\/\/yoast.com\/wordpress\/plugins\/seo\/ -->\n<title>SICSA | Transporte Mar\u00edtimo Internacional | Env\u00edo de carga mar\u00edtima<\/title>\n<meta name=\"description\" content=\"Elija entre los servicios de carga de contenedor completo (FCL) o carga consolidada (LCL) para sus necesidades de carga. Manejamos env\u00edos generales, hazards\/dangerous goods, refrigerados y carga proyecto.\" \/>\n<meta name=\"robots\" content=\"index, follow, max-snippet:-1, max-image-preview:large, max-video-preview:-1\" \/>\n<link rel=\"canonical\" href=\"https:\/\/sicsa.cr\/espanol\/transporte-internacional-maritimo\/\" \/>\n<meta property=\"og:locale\" content=\"en_US\" \/>\n<meta property=\"og:type\" content=\"article\" \/>\n<meta property=\"og:title\" content=\"SICSA | Transporte Mar\u00edtimo Internacional | Env\u00edo de carga mar\u00edtima\" \/>\n<meta property=\"og:description\" content=\"Elija entre los servicios de carga de contenedor completo (FCL) o carga consolidada (LCL) para sus necesidades de carga. Manejamos env\u00edos generales, hazards\/dangerous goods, refrigerados y carga proyecto.\" \/>\n<meta property=\"og:url\" content=\"https:\/\/sicsa.cr\/espanol\/transporte-internacional-maritimo\/\" \/>\n<meta property=\"og:site_name\" content=\"SICSA\" \/>\n<meta property=\"article:publisher\" content=\"https:\/\/www.facebook.com\/SICSAINTERNACIONAL\" \/>\n<meta property=\"article:modified_time\" content=\"2026-01-27T22:52:52+00:00\" \/>\n<meta property=\"og:image\" content=\"https:\/\/sicsa.cr\/espanol\/wp-content\/uploads\/2023\/12\/logo-sicsa-alta.jpg\" \/>\n\t<meta property=\"og:image:width\" content=\"500\" \/>\n\t<meta property=\"og:image:height\" content=\"221\" \/>\n\t<meta property=\"og:image:type\" content=\"image\/jpeg\" \/>\n<meta name=\"twitter:card\" content=\"summary_large_image\" \/>\n<meta name=\"twitter:label1\" content=\"Est. reading time\" \/>\n\t<meta name=\"twitter:data1\" content=\"4 minutes\" \/>\n<script type=\"application\/ld+json\" class=\"yoast-schema-graph\">{\"@context\":\"https:\/\/schema.org\",\"@graph\":[{\"@type\":\"WebPage\",\"@id\":\"https:\/\/sicsa.cr\/espanol\/transporte-internacional-maritimo\/\",\"url\":\"https:\/\/sicsa.cr\/espanol\/transporte-internacional-maritimo\/\",\"name\":\"SICSA | Transporte Mar\u00edtimo Internacional | Env\u00edo de carga mar\u00edtima\",\"isPartOf\":{\"@id\":\"https:\/\/sicsa.cr\/espanol\/#website\"},\"datePublished\":\"2024-01-22T18:12:31+00:00\",\"dateModified\":\"2026-01-27T22:52:52+00:00\",\"description\":\"Elija entre los servicios de carga de contenedor completo (FCL) o carga consolidada (LCL) para sus necesidades de carga. Manejamos env\u00edos generales, hazards\/dangerous goods, refrigerados y carga proyecto.\",\"breadcrumb\":{\"@id\":\"https:\/\/sicsa.cr\/espanol\/transporte-internacional-maritimo\/#breadcrumb\"},\"inLanguage\":\"en-US\",\"potentialAction\":[{\"@type\":\"ReadAction\",\"target\":[\"https:\/\/sicsa.cr\/espanol\/transporte-internacional-maritimo\/\"]}]},{\"@type\":\"BreadcrumbList\",\"@id\":\"https:\/\/sicsa.cr\/espanol\/transporte-internacional-maritimo\/#breadcrumb\",\"itemListElement\":[{\"@type\":\"ListItem\",\"position\":1,\"name\":\"Home\",\"item\":\"https:\/\/sicsa.cr\/espanol\/\"},{\"@type\":\"ListItem\",\"position\":2,\"name\":\"Transporte internacional mar\u00edtimo\"}]},{\"@type\":\"WebSite\",\"@id\":\"https:\/\/sicsa.cr\/espanol\/#website\",\"url\":\"https:\/\/sicsa.cr\/espanol\/\",\"name\":\"SICSA Operador Log\u00edstico Internacional | Desde 1976\",\"description\":\"Operador Log\u00edstico Internacional\",\"publisher\":{\"@id\":\"https:\/\/sicsa.cr\/espanol\/#organization\"},\"potentialAction\":[{\"@type\":\"SearchAction\",\"target\":{\"@type\":\"EntryPoint\",\"urlTemplate\":\"https:\/\/sicsa.cr\/espanol\/?s={search_term_string}\"},\"query-input\":{\"@type\":\"PropertyValueSpecification\",\"valueRequired\":true,\"valueName\":\"search_term_string\"}}],\"inLanguage\":\"en-US\"},{\"@type\":\"Organization\",\"@id\":\"https:\/\/sicsa.cr\/espanol\/#organization\",\"name\":\"SICSA\",\"url\":\"https:\/\/sicsa.cr\/espanol\/\",\"logo\":{\"@type\":\"ImageObject\",\"inLanguage\":\"en-US\",\"@id\":\"https:\/\/sicsa.cr\/espanol\/#\/schema\/logo\/image\/\",\"url\":\"https:\/\/sicsa.cr\/espanol\/wp-content\/uploads\/2023\/12\/logo-small-1.png\",\"contentUrl\":\"https:\/\/sicsa.cr\/espanol\/wp-content\/uploads\/2023\/12\/logo-small-1.png\",\"width\":177,\"height\":80,\"caption\":\"SICSA\"},\"image\":{\"@id\":\"https:\/\/sicsa.cr\/espanol\/#\/schema\/logo\/image\/\"},\"sameAs\":[\"https:\/\/www.facebook.com\/SICSAINTERNACIONAL\",\"https:\/\/www.linkedin.com\/company\/sicsainternacional1976\/\",\"https:\/\/www.instagram.com\/sicsainternacional\/\"]}]}<\/script>\n<!-- \/ Yoast SEO plugin. -->","yoast_head_json":{"title":"SICSA | Transporte Mar\u00edtimo Internacional | Env\u00edo de carga mar\u00edtima","description":"Elija entre los servicios de carga de contenedor completo (FCL) o carga consolidada (LCL) para sus necesidades de carga. Manejamos env\u00edos generales, hazards\/dangerous goods, refrigerados y carga proyecto.","robots":{"index":"index","follow":"follow","max-snippet":"max-snippet:-1","max-image-preview":"max-image-preview:large","max-video-preview":"max-video-preview:-1"},"canonical":"https:\/\/sicsa.cr\/espanol\/transporte-internacional-maritimo\/","og_locale":"en_US","og_type":"article","og_title":"SICSA | Transporte Mar\u00edtimo Internacional | Env\u00edo de carga mar\u00edtima","og_description":"Elija entre los servicios de carga de contenedor completo (FCL) o carga consolidada (LCL) para sus necesidades de carga. Manejamos env\u00edos generales, hazards\/dangerous goods, refrigerados y carga proyecto.","og_url":"https:\/\/sicsa.cr\/espanol\/transporte-internacional-maritimo\/","og_site_name":"SICSA","article_publisher":"https:\/\/www.facebook.com\/SICSAINTERNACIONAL","article_modified_time":"2026-01-27T22:52:52+00:00","og_image":[{"width":500,"height":221,"url":"https:\/\/sicsa.cr\/espanol\/wp-content\/uploads\/2023\/12\/logo-sicsa-alta.jpg","type":"image\/jpeg"}],"twitter_card":"summary_large_image","twitter_misc":{"Est. reading time":"4 minutes"},"schema":{"@context":"https:\/\/schema.org","@graph":[{"@type":"WebPage","@id":"https:\/\/sicsa.cr\/espanol\/transporte-internacional-maritimo\/","url":"https:\/\/sicsa.cr\/espanol\/transporte-internacional-maritimo\/","name":"SICSA | Transporte Mar\u00edtimo Internacional | Env\u00edo de carga mar\u00edtima","isPartOf":{"@id":"https:\/\/sicsa.cr\/espanol\/#website"},"datePublished":"2024-01-22T18:12:31+00:00","dateModified":"2026-01-27T22:52:52+00:00","description":"Elija entre los servicios de carga de contenedor completo (FCL) o carga consolidada (LCL) para sus necesidades de carga. Manejamos env\u00edos generales, hazards\/dangerous goods, refrigerados y carga proyecto.","breadcrumb":{"@id":"https:\/\/sicsa.cr\/espanol\/transporte-internacional-maritimo\/#breadcrumb"},"inLanguage":"en-US","potentialAction":[{"@type":"ReadAction","target":["https:\/\/sicsa.cr\/espanol\/transporte-internacional-maritimo\/"]}]},{"@type":"BreadcrumbList","@id":"https:\/\/sicsa.cr\/espanol\/transporte-internacional-maritimo\/#breadcrumb","itemListElement":[{"@type":"ListItem","position":1,"name":"Home","item":"https:\/\/sicsa.cr\/espanol\/"},{"@type":"ListItem","position":2,"name":"Transporte internacional mar\u00edtimo"}]},{"@type":"WebSite","@id":"https:\/\/sicsa.cr\/espanol\/#website","url":"https:\/\/sicsa.cr\/espanol\/","name":"SICSA Operador Log\u00edstico Internacional | Desde 1976","description":"Operador Log\u00edstico Internacional","publisher":{"@id":"https:\/\/sicsa.cr\/espanol\/#organization"},"potentialAction":[{"@type":"SearchAction","target":{"@type":"EntryPoint","urlTemplate":"https:\/\/sicsa.cr\/espanol\/?s={search_term_string}"},"query-input":{"@type":"PropertyValueSpecification","valueRequired":true,"valueName":"search_term_string"}}],"inLanguage":"en-US"},{"@type":"Organization","@id":"https:\/\/sicsa.cr\/espanol\/#organization","name":"SICSA","url":"https:\/\/sicsa.cr\/espanol\/","logo":{"@type":"ImageObject","inLanguage":"en-US","@id":"https:\/\/sicsa.cr\/espanol\/#\/schema\/logo\/image\/","url":"https:\/\/sicsa.cr\/espanol\/wp-content\/uploads\/2023\/12\/logo-small-1.png","contentUrl":"https:\/\/sicsa.cr\/espanol\/wp-content\/uploads\/2023\/12\/logo-small-1.png","width":177,"height":80,"caption":"SICSA"},"image":{"@id":"https:\/\/sicsa.cr\/espanol\/#\/schema\/logo\/image\/"},"sameAs":["https:\/\/www.facebook.com\/SICSAINTERNACIONAL","https:\/\/www.linkedin.com\/company\/sicsainternacional1976\/","https:\/\/www.instagram.com\/sicsainternacional\/"]}]}},"_links":{"self":[{"href":"https:\/\/sicsa.cr\/espanol\/wp-json\/wp\/v2\/pages\/2045","targetHints":{"allow":["GET"]}}],"collection":[{"href":"https:\/\/sicsa.cr\/espanol\/wp-json\/wp\/v2\/pages"}],"about":[{"href":"https:\/\/sicsa.cr\/espanol\/wp-json\/wp\/v2\/types\/page"}],"author":[{"embeddable":true,"href":"https:\/\/sicsa.cr\/espanol\/wp-json\/wp\/v2\/users\/2"}],"replies":[{"embeddable":true,"href":"https:\/\/sicsa.cr\/espanol\/wp-json\/wp\/v2\/comments?post=2045"}],"version-history":[{"count":15,"href":"https:\/\/sicsa.cr\/espanol\/wp-json\/wp\/v2\/pages\/2045\/revisions"}],"predecessor-version":[{"id":2436,"href":"https:\/\/sicsa.cr\/espanol\/wp-json\/wp\/v2\/pages\/2045\/revisions\/2436"}],"wp:attachment":[{"href":"https:\/\/sicsa.cr\/espanol\/wp-json\/wp\/v2\/media?parent=2045"}],"curies":[{"name":"wp","href":"https:\/\/api.w.org\/{rel}","templated":true}]}}