{"id":2064,"date":"2024-01-22T21:03:51","date_gmt":"2024-01-22T20:03:51","guid":{"rendered":"https:\/\/sicsa.cr\/espanol\/?page_id=2064"},"modified":"2026-04-23T20:55:36","modified_gmt":"2026-04-23T18:55:36","slug":"agencia-de-aduanas","status":"publish","type":"page","link":"https:\/\/sicsa.cr\/espanol\/agencia-de-aduanas\/","title":{"rendered":"Agencia de aduanas"},"content":{"rendered":"<div class=\"wpb-content-wrapper\"><p>[vc_row full_width=&#8221;stretch_row&#8221; css=&#8221;.vc_custom_1705941137297{margin-top: -70px !important;padding-top: 60px !important;padding-bottom: 60px !important;background-color: #f9f9f9 !important;}&#8221;][vc_column][vc_row_inner][vc_column_inner width=&#8221;1\/2&#8243;][vc_column_text]<\/p>\n<h4 style=\"text-align: justify;\">Funda desde 1976. Orgullosamente somos la agencia de adunas n\u00famero 26 en haberse fundado en Costa Rica, por eso nuestro c\u00f3digo aduanal es el CDA #026.<\/h4>\n<p>&nbsp;<\/p>\n<p style=\"text-align: justify;\">Es decir, somos de las primeras agencias autorizadas en el pa\u00eds. En la actualidad no existe esta modalidad donde una empresa est\u00e9 en agencia de aduanas, sino que hoy se le otorga la licencia a una persona. Esto permite que tengamos mayor peso y respaldo a la hora de elegir el servicio para su empresa, donde una entidad lo respalde en temas aduanales y no una persona f\u00edsica.<\/p>\n<p>&nbsp;<\/p>\n<p style=\"text-align: justify;\">Contamos con un departamento especializado en materia aduanal y t\u00e9cnica para asesorarle de la mejor manera con personal altamente capacitado. Esta es una de nuestras \u00e1reas m\u00e1s fuertes, al contar con una legislaci\u00f3n robusta en Costa Rica, y nuestra intenci\u00f3n es asesorar correctamente y de forma r\u00e1pida a nuestros clientes.<\/p>\n<p>[\/vc_column_text][\/vc_column_inner][vc_column_inner width=&#8221;1\/2&#8243;][vc_single_image image=&#8221;2177&#8243; img_size=&#8221;700 x 500&#8243; style=&#8221;vc_box_rounded&#8221;][\/vc_column_inner][\/vc_row_inner][\/vc_column][\/vc_row][vc_row full_width=&#8221;stretch_row&#8221; css=&#8221;.vc_custom_1708118384388{padding-top: 50px !important;padding-bottom: 50px !important;background-color: #252e66 !important;border-radius: 20px !important;}&#8221;][vc_column][vc_column_text]<\/p>\n<h3><span style=\"color: #ffffff;\">Somos especialistas en:<\/span><\/h3>\n<p>[\/vc_column_text][vc_row_inner css=&#8221;.vc_custom_1707417125143{padding-top: 40px !important;padding-right: 40px !important;padding-bottom: 40px !important;padding-left: 40px !important;background-color: #ffffff !important;border-radius: 20px !important;}&#8221;][vc_column_inner width=&#8221;1\/2&#8243;]<div class=\"aio-icon-component    style_1\"><div id=\"Info-box-wrap-9047\" class=\"aio-icon-box default-icon\" style=\"\"  ><div class=\"aio-icon-default\"><div class=\"ult-just-icon-wrapper  \"><div class=\"align-icon\" style=\"text-align:center;\">\n<div class=\"aio-icon circle \"  style=\"color:#262f62;background:#ffffff;font-size:32px;display:inline-block;\">\n\t<i class=\"icomoon-numbers-32x32-number\"><\/i>\n<\/div><\/div><\/div><\/div><div class=\"aio-icon-header\" ><h3 class=\"aio-icon-title ult-responsive\"  data-ultimate-target='#Info-box-wrap-9047 .aio-icon-title'  data-responsive-json-new='{\"font-size\":\"\",\"line-height\":\"\"}'  style=\"\">Partidas arancelarias<\/h3><\/div> <!-- header --><\/div> <!-- aio-icon-box --><\/div> <!-- aio-icon-component --><div class=\"aio-icon-component    style_1\"><div id=\"Info-box-wrap-4915\" class=\"aio-icon-box default-icon\" style=\"\"  ><div class=\"aio-icon-default\"><div class=\"ult-just-icon-wrapper  \"><div class=\"align-icon\" style=\"text-align:center;\">\n<div class=\"aio-icon circle \"  style=\"color:#262f62;background:#ffffff;font-size:32px;display:inline-block;\">\n\t<i class=\"icomoon-numbers-32x32-number2\"><\/i>\n<\/div><\/div><\/div><\/div><div class=\"aio-icon-header\" ><h3 class=\"aio-icon-title ult-responsive\"  data-ultimate-target='#Info-box-wrap-4915 .aio-icon-title'  data-responsive-json-new='{\"font-size\":\"\",\"line-height\":\"\"}'  style=\"\">Tr\u00e1mites y permisos<\/h3><\/div> <!-- header --><\/div> <!-- aio-icon-box --><\/div> <!-- aio-icon-component --><div class=\"aio-icon-component    style_1\"><div id=\"Info-box-wrap-5129\" class=\"aio-icon-box default-icon\" style=\"\"  ><div class=\"aio-icon-default\"><div class=\"ult-just-icon-wrapper  \"><div class=\"align-icon\" style=\"text-align:center;\">\n<div class=\"aio-icon circle \"  style=\"color:#262f62;background:#ffffff;font-size:32px;display:inline-block;\">\n\t<i class=\"icomoon-numbers-32x32-number3\"><\/i>\n<\/div><\/div><\/div><\/div><div class=\"aio-icon-header\" ><h3 class=\"aio-icon-title ult-responsive\"  data-ultimate-target='#Info-box-wrap-5129 .aio-icon-title'  data-responsive-json-new='{\"font-size\":\"\",\"line-height\":\"\"}'  style=\"\">Exoneraciones<\/h3><\/div> <!-- header --><\/div> <!-- aio-icon-box --><\/div> <!-- aio-icon-component --><div class=\"aio-icon-component    style_1\"><div id=\"Info-box-wrap-5423\" class=\"aio-icon-box default-icon\" style=\"\"  ><div class=\"aio-icon-default\"><div class=\"ult-just-icon-wrapper  \"><div class=\"align-icon\" style=\"text-align:center;\">\n<div class=\"aio-icon circle \"  style=\"color:#262f62;background:#ffffff;font-size:32px;display:inline-block;\">\n\t<i class=\"icomoon-numbers-32x32-number4\"><\/i>\n<\/div><\/div><\/div><\/div><div class=\"aio-icon-header\" ><h3 class=\"aio-icon-title ult-responsive\"  data-ultimate-target='#Info-box-wrap-5423 .aio-icon-title'  data-responsive-json-new='{\"font-size\":\"\",\"line-height\":\"\"}'  style=\"\">Revisi\u00f3n de Tratados de Libre Comercio (TLC<\/h3><\/div> <!-- header --><\/div> <!-- aio-icon-box --><\/div> <!-- aio-icon-component -->[\/vc_column_inner][vc_column_inner width=&#8221;1\/2&#8243;]<div class=\"aio-icon-component    style_1\"><div id=\"Info-box-wrap-9600\" class=\"aio-icon-box default-icon\" style=\"\"  ><div class=\"aio-icon-default\"><div class=\"ult-just-icon-wrapper  \"><div class=\"align-icon\" style=\"text-align:center;\">\n<div class=\"aio-icon circle \"  style=\"color:#262f62;background:#ffffff;font-size:32px;display:inline-block;\">\n\t<i class=\"icomoon-numbers-32x32-number5\"><\/i>\n<\/div><\/div><\/div><\/div><div class=\"aio-icon-header\" ><h3 class=\"aio-icon-title ult-responsive\"  data-ultimate-target='#Info-box-wrap-9600 .aio-icon-title'  data-responsive-json-new='{\"font-size\":\"\",\"line-height\":\"\"}'  style=\"\">Zona Franca y Perfeccionamiento Activo<\/h3><\/div> <!-- header --><\/div> <!-- aio-icon-box --><\/div> <!-- aio-icon-component --><div class=\"aio-icon-component    style_1\"><div id=\"Info-box-wrap-4412\" class=\"aio-icon-box default-icon\" style=\"\"  ><div class=\"aio-icon-default\"><div class=\"ult-just-icon-wrapper  \"><div class=\"align-icon\" style=\"text-align:center;\">\n<div class=\"aio-icon circle \"  style=\"color:#262f62;background:#ffffff;font-size:32px;display:inline-block;\">\n\t<i class=\"icomoon-numbers-32x32-number6\"><\/i>\n<\/div><\/div><\/div><\/div><div class=\"aio-icon-header\" ><h3 class=\"aio-icon-title ult-responsive\"  data-ultimate-target='#Info-box-wrap-4412 .aio-icon-title'  data-responsive-json-new='{\"font-size\":\"\",\"line-height\":\"\"}'  style=\"\">Asesor\u00edas Aduanales<\/h3><\/div> <!-- header --><\/div> <!-- aio-icon-box --><\/div> <!-- aio-icon-component --><div class=\"aio-icon-component    style_1\"><div id=\"Info-box-wrap-2076\" class=\"aio-icon-box default-icon\" style=\"\"  ><div class=\"aio-icon-default\"><div class=\"ult-just-icon-wrapper  \"><div class=\"align-icon\" style=\"text-align:center;\">\n<div class=\"aio-icon circle \"  style=\"color:#262f62;background:#ffffff;font-size:32px;display:inline-block;\">\n\t<i class=\"icomoon-numbers-32x32-number7\"><\/i>\n<\/div><\/div><\/div><\/div><div class=\"aio-icon-header\" ><h3 class=\"aio-icon-title ult-responsive\"  data-ultimate-target='#Info-box-wrap-2076 .aio-icon-title'  data-responsive-json-new='{\"font-size\":\"\",\"line-height\":\"\"}'  style=\"\">Despacho domiciliario, anticipado, reexportaciones, DUA de internamiento, redestino, provisiones a bordo<\/h3><\/div> <!-- header --><\/div> <!-- aio-icon-box --><\/div> <!-- aio-icon-component -->[\/vc_column_inner][\/vc_row_inner][\/vc_column][\/vc_row][vc_row css=&#8221;.vc_custom_1705954331727{padding-top: 60px !important;padding-bottom: 60px !important;}&#8221;][vc_column][vc_column_text]<\/p>\n<p style=\"text-align: justify;\">Una agencia de aduanas desempe\u00f1a un papel crucial en el comercio internacional, facilitando el movimiento de mercanc\u00edas a trav\u00e9s de las fronteras y asegurando el cumplimiento de las regulaciones aduaneras.<\/p>\n<p style=\"text-align: justify;\">Su experiencia y conocimientos especializados permiten a las empresas optimizar sus operaciones, minimizar riesgos y cumplir con las obligaciones legales y fiscales relacionadas con el comercio internacional.<\/p>\n<p>[\/vc_column_text][\/vc_column][\/vc_row][vc_row][vc_column][vc_column_text]<\/p>\n<h3 style=\"text-align: center;\">Alianzas y Certificaciones<\/h3>\n<p>[\/vc_column_text][vc_single_image image=&#8221;2477&#8243; img_size=&#8221;full&#8221; alignment=&#8221;center&#8221;][\/vc_column][\/vc_row][vc_row css=&#8221;.vc_custom_1727975710094{padding-top: 60px !important;padding-bottom: 60px !important;}&#8221;][vc_column][vc_column_text]<\/p>\n<h2 style=\"text-align: center;\">Preguntas Frecuentes<\/h2>\n<p>[\/vc_column_text][vc_tta_accordion color=&#8221;blue&#8221; spacing=&#8221;1&#8243; gap=&#8221;1&#8243; active_section=&#8221;&#8221; no_fill=&#8221;true&#8221; collapsible_all=&#8221;true&#8221;][vc_tta_section title=&#8221;\u00bfCu\u00e1ndo fue fundada su agencia de aduanas?&#8221; tab_id=&#8221;1727975495834-f50df165-fb0d&#8221;][vc_column_text]Fuimos fundados en 1976 y somos la agencia de aduanas n\u00famero 26 establecida en Costa Rica, con el c\u00f3digo aduanero CDA #026.[\/vc_column_text][\/vc_tta_section][vc_tta_section title=&#8221;\u00bfQu\u00e9 hace diferente a su agencia de otras?&#8221; tab_id=&#8221;1727975540307-d162b9e2-e6fe&#8221;][vc_column_text]A diferencia de los servicios de aduanas modernos, nuestra agencia es una entidad en lugar de un individuo, lo que proporciona un apoyo m\u00e1s completo para su empresa.[\/vc_column_text][\/vc_tta_section][vc_tta_section title=&#8221;\u00bfEn qu\u00e9 servicios se especializan?&#8221; tab_id=&#8221;1727975539570-28a63063-5e48&#8243;][vc_column_text]Nos especializamos en partidas arancelarias, procedimientos y permisos, exoneraciones, tratados de libre comercio, zonas francas, perfeccionamiento activo y servicios de asesor\u00eda aduanera.[\/vc_column_text][\/vc_tta_section][vc_tta_section title=&#8221;\u00bfQu\u00e9 tipo de servicios de asesor\u00eda aduanera ofrecen?&#8221; tab_id=&#8221;1727975538874-1e2431fd-6382&#8243;][vc_column_text]Ofrecemos asesor\u00eda en entrega a domicilio, pago anticipado, reexportaciones, despacho de aduana para ingreso, redireccionamiento y provisiones a bordo.[\/vc_column_text][\/vc_tta_section][vc_tta_section title=&#8221;\u00bfC\u00f3mo apoya su agencia el comercio internacional?&#8221; tab_id=&#8221;1727975538122-630dcbb9-f279&#8243;][vc_column_text]Nuestra experiencia y conocimientos ayudan a las empresas a optimizar operaciones, minimizar riesgos y cumplir con las obligaciones legales y fiscales relacionadas con el comercio internacional.[\/vc_column_text][\/vc_tta_section][vc_tta_section title=&#8221;\u00bfCu\u00e1l es el significado de su c\u00f3digo aduanero CDA #026?&#8221; tab_id=&#8221;1727975537421-bb6acca2-1eff&#8221;][vc_column_text]Nuestro c\u00f3digo aduanero CDA #026 indica que somos una de las primeras agencias de aduanas autorizadas en Costa Rica.[\/vc_column_text][\/vc_tta_section][vc_tta_section title=&#8221;\u00bfQu\u00e9 son las zonas francas y el perfeccionamiento activo?&#8221; tab_id=&#8221;1727975536724-da01eb2c-4236&#8243;][vc_column_text]Las zonas francas son \u00e1reas designadas con beneficios fiscales especiales para las empresas, mientras que el perfeccionamiento activo permite la importaci\u00f3n libre de impuestos de bienes que se procesan y reexportan.[\/vc_column_text][\/vc_tta_section][vc_tta_section title=&#8221;\u00bfC\u00f3mo asisten con las partidas arancelarias?&#8221; tab_id=&#8221;1727975536032-60225cdd-88f1&#8243;][vc_column_text]Proporcionamos orientaci\u00f3n experta sobre la clasificaci\u00f3n y aplicaci\u00f3n de c\u00f3digos arancelarios para garantizar el cumplimiento de las normativas.[\/vc_column_text][\/vc_tta_section][vc_tta_section title=&#8221;\u00bfQu\u00e9 son las exoneraciones?&#8221; tab_id=&#8221;1727975535316-ab6d7c8d-ef0b&#8221;][vc_column_text]Las exoneraciones se refieren a exenciones de derechos o impuestos aduaneros, y ayudamos a obtener estas exenciones cuando son aplicables.[\/vc_column_text][\/vc_tta_section][vc_tta_section title=&#8221;\u00bfQu\u00e9 tipo de personal tiene en su departamento de aduanas?&#8221; tab_id=&#8221;1727975534580-53883644-e01b&#8221;][vc_column_text]Contamos con un departamento de aduanas especializado con personal altamente capacitado para brindar asesor\u00eda precisa y oportuna.[\/vc_column_text][\/vc_tta_section][\/vc_tta_accordion][\/vc_column][\/vc_row]<\/p>\n<\/div>","protected":false},"excerpt":{"rendered":"<p>[vc_row full_width=&#8221;stretch_row&#8221; css=&#8221;.vc_custom_1705941137297{margin-top: -70px !important;padding-top: 60px !important;padding-bottom: 60px !important;background-color: #f9f9f9 !important;}&#8221;][vc_column][vc_row_inner][vc_column_inner width=&#8221;1\/2&#8243;][vc_column_text] Funda desde 1976. Orgullosamente somos la agencia de adunas n\u00famero 26 en haberse fundado en Costa Rica, por eso nuestro c\u00f3digo aduanal es el CDA #026. &nbsp; Es decir, somos de las primeras agencias autorizadas en el pa\u00eds. En la actualidad no existe&hellip;<\/p>\n","protected":false},"author":2,"featured_media":0,"parent":0,"menu_order":0,"comment_status":"closed","ping_status":"closed","template":"","meta":{"_acf_changed":false,"_joinchat":[],"footnotes":""},"class_list":["post-2064","page","type-page","status-publish","hentry","description-off"],"acf":[],"yoast_head":"<!-- This site is optimized with the Yoast SEO plugin v24.9 - https:\/\/yoast.com\/wordpress\/plugins\/seo\/ -->\n<title>SICSA | Agencia de Aduanas desde 1976 | Asesor\u00eda Aduanera<\/title>\n<meta name=\"description\" content=\"Asesoramiento experto en cumplimiento t\u00e9cnico aduanero y comercial desde 1976 en la Zona Franca, Perfeccionamiento Activo en Costa Rica. Especialistas en Tr\u00e1mites y permisos, Partidas arancelarias, Exoneraciones,y mucho m\u00e1s. Especialistas en Asesor\u00edas Aduanales\" \/>\n<meta name=\"robots\" content=\"index, follow, max-snippet:-1, max-image-preview:large, max-video-preview:-1\" \/>\n<link rel=\"canonical\" href=\"https:\/\/sicsa.cr\/espanol\/agencia-de-aduanas\/\" \/>\n<meta property=\"og:locale\" content=\"en_US\" \/>\n<meta property=\"og:type\" content=\"article\" \/>\n<meta property=\"og:title\" content=\"SICSA | Agencia de Aduanas desde 1976 | Asesor\u00eda Aduanera\" \/>\n<meta property=\"og:description\" content=\"Asesoramiento experto en cumplimiento t\u00e9cnico aduanero y comercial desde 1976 en la Zona Franca, Perfeccionamiento Activo en Costa Rica. Especialistas en Tr\u00e1mites y permisos, Partidas arancelarias, Exoneraciones,y mucho m\u00e1s. Especialistas en Asesor\u00edas Aduanales\" \/>\n<meta property=\"og:url\" content=\"https:\/\/sicsa.cr\/espanol\/agencia-de-aduanas\/\" \/>\n<meta property=\"og:site_name\" content=\"SICSA\" \/>\n<meta property=\"article:publisher\" content=\"https:\/\/www.facebook.com\/SICSAINTERNACIONAL\" \/>\n<meta property=\"article:modified_time\" content=\"2026-04-23T18:55:36+00:00\" \/>\n<meta property=\"og:image\" content=\"https:\/\/sicsa.cr\/espanol\/wp-content\/uploads\/2023\/12\/logo-sicsa-alta.jpg\" \/>\n\t<meta property=\"og:image:width\" content=\"500\" \/>\n\t<meta property=\"og:image:height\" content=\"221\" \/>\n\t<meta property=\"og:image:type\" content=\"image\/jpeg\" \/>\n<meta name=\"twitter:card\" content=\"summary_large_image\" \/>\n<meta name=\"twitter:label1\" content=\"Est. reading time\" \/>\n\t<meta name=\"twitter:data1\" content=\"3 minutes\" \/>\n<script type=\"application\/ld+json\" class=\"yoast-schema-graph\">{\"@context\":\"https:\/\/schema.org\",\"@graph\":[{\"@type\":\"WebPage\",\"@id\":\"https:\/\/sicsa.cr\/espanol\/agencia-de-aduanas\/\",\"url\":\"https:\/\/sicsa.cr\/espanol\/agencia-de-aduanas\/\",\"name\":\"SICSA | Agencia de Aduanas desde 1976 | Asesor\u00eda Aduanera\",\"isPartOf\":{\"@id\":\"https:\/\/sicsa.cr\/espanol\/#website\"},\"datePublished\":\"2024-01-22T20:03:51+00:00\",\"dateModified\":\"2026-04-23T18:55:36+00:00\",\"description\":\"Asesoramiento experto en cumplimiento t\u00e9cnico aduanero y comercial desde 1976 en la Zona Franca, Perfeccionamiento Activo en Costa Rica. Especialistas en Tr\u00e1mites y permisos, Partidas arancelarias, Exoneraciones,y mucho m\u00e1s. Especialistas en Asesor\u00edas Aduanales\",\"breadcrumb\":{\"@id\":\"https:\/\/sicsa.cr\/espanol\/agencia-de-aduanas\/#breadcrumb\"},\"inLanguage\":\"en-US\",\"potentialAction\":[{\"@type\":\"ReadAction\",\"target\":[\"https:\/\/sicsa.cr\/espanol\/agencia-de-aduanas\/\"]}]},{\"@type\":\"BreadcrumbList\",\"@id\":\"https:\/\/sicsa.cr\/espanol\/agencia-de-aduanas\/#breadcrumb\",\"itemListElement\":[{\"@type\":\"ListItem\",\"position\":1,\"name\":\"Home\",\"item\":\"https:\/\/sicsa.cr\/espanol\/\"},{\"@type\":\"ListItem\",\"position\":2,\"name\":\"Agencia de aduanas\"}]},{\"@type\":\"WebSite\",\"@id\":\"https:\/\/sicsa.cr\/espanol\/#website\",\"url\":\"https:\/\/sicsa.cr\/espanol\/\",\"name\":\"SICSA Operador Log\u00edstico Internacional | Desde 1976\",\"description\":\"Operador Log\u00edstico Internacional\",\"publisher\":{\"@id\":\"https:\/\/sicsa.cr\/espanol\/#organization\"},\"potentialAction\":[{\"@type\":\"SearchAction\",\"target\":{\"@type\":\"EntryPoint\",\"urlTemplate\":\"https:\/\/sicsa.cr\/espanol\/?s={search_term_string}\"},\"query-input\":{\"@type\":\"PropertyValueSpecification\",\"valueRequired\":true,\"valueName\":\"search_term_string\"}}],\"inLanguage\":\"en-US\"},{\"@type\":\"Organization\",\"@id\":\"https:\/\/sicsa.cr\/espanol\/#organization\",\"name\":\"SICSA\",\"url\":\"https:\/\/sicsa.cr\/espanol\/\",\"logo\":{\"@type\":\"ImageObject\",\"inLanguage\":\"en-US\",\"@id\":\"https:\/\/sicsa.cr\/espanol\/#\/schema\/logo\/image\/\",\"url\":\"https:\/\/sicsa.cr\/espanol\/wp-content\/uploads\/2023\/12\/logo-small-1.png\",\"contentUrl\":\"https:\/\/sicsa.cr\/espanol\/wp-content\/uploads\/2023\/12\/logo-small-1.png\",\"width\":177,\"height\":80,\"caption\":\"SICSA\"},\"image\":{\"@id\":\"https:\/\/sicsa.cr\/espanol\/#\/schema\/logo\/image\/\"},\"sameAs\":[\"https:\/\/www.facebook.com\/SICSAINTERNACIONAL\",\"https:\/\/www.linkedin.com\/company\/sicsainternacional1976\/\",\"https:\/\/www.instagram.com\/sicsainternacional\/\"]}]}<\/script>\n<!-- \/ Yoast SEO plugin. -->","yoast_head_json":{"title":"SICSA | Agencia de Aduanas desde 1976 | Asesor\u00eda Aduanera","description":"Asesoramiento experto en cumplimiento t\u00e9cnico aduanero y comercial desde 1976 en la Zona Franca, Perfeccionamiento Activo en Costa Rica. Especialistas en Tr\u00e1mites y permisos, Partidas arancelarias, Exoneraciones,y mucho m\u00e1s. Especialistas en Asesor\u00edas Aduanales","robots":{"index":"index","follow":"follow","max-snippet":"max-snippet:-1","max-image-preview":"max-image-preview:large","max-video-preview":"max-video-preview:-1"},"canonical":"https:\/\/sicsa.cr\/espanol\/agencia-de-aduanas\/","og_locale":"en_US","og_type":"article","og_title":"SICSA | Agencia de Aduanas desde 1976 | Asesor\u00eda Aduanera","og_description":"Asesoramiento experto en cumplimiento t\u00e9cnico aduanero y comercial desde 1976 en la Zona Franca, Perfeccionamiento Activo en Costa Rica. Especialistas en Tr\u00e1mites y permisos, Partidas arancelarias, Exoneraciones,y mucho m\u00e1s. Especialistas en Asesor\u00edas Aduanales","og_url":"https:\/\/sicsa.cr\/espanol\/agencia-de-aduanas\/","og_site_name":"SICSA","article_publisher":"https:\/\/www.facebook.com\/SICSAINTERNACIONAL","article_modified_time":"2026-04-23T18:55:36+00:00","og_image":[{"width":500,"height":221,"url":"https:\/\/sicsa.cr\/espanol\/wp-content\/uploads\/2023\/12\/logo-sicsa-alta.jpg","type":"image\/jpeg"}],"twitter_card":"summary_large_image","twitter_misc":{"Est. reading time":"3 minutes"},"schema":{"@context":"https:\/\/schema.org","@graph":[{"@type":"WebPage","@id":"https:\/\/sicsa.cr\/espanol\/agencia-de-aduanas\/","url":"https:\/\/sicsa.cr\/espanol\/agencia-de-aduanas\/","name":"SICSA | Agencia de Aduanas desde 1976 | Asesor\u00eda Aduanera","isPartOf":{"@id":"https:\/\/sicsa.cr\/espanol\/#website"},"datePublished":"2024-01-22T20:03:51+00:00","dateModified":"2026-04-23T18:55:36+00:00","description":"Asesoramiento experto en cumplimiento t\u00e9cnico aduanero y comercial desde 1976 en la Zona Franca, Perfeccionamiento Activo en Costa Rica. Especialistas en Tr\u00e1mites y permisos, Partidas arancelarias, Exoneraciones,y mucho m\u00e1s. Especialistas en Asesor\u00edas Aduanales","breadcrumb":{"@id":"https:\/\/sicsa.cr\/espanol\/agencia-de-aduanas\/#breadcrumb"},"inLanguage":"en-US","potentialAction":[{"@type":"ReadAction","target":["https:\/\/sicsa.cr\/espanol\/agencia-de-aduanas\/"]}]},{"@type":"BreadcrumbList","@id":"https:\/\/sicsa.cr\/espanol\/agencia-de-aduanas\/#breadcrumb","itemListElement":[{"@type":"ListItem","position":1,"name":"Home","item":"https:\/\/sicsa.cr\/espanol\/"},{"@type":"ListItem","position":2,"name":"Agencia de aduanas"}]},{"@type":"WebSite","@id":"https:\/\/sicsa.cr\/espanol\/#website","url":"https:\/\/sicsa.cr\/espanol\/","name":"SICSA Operador Log\u00edstico Internacional | Desde 1976","description":"Operador Log\u00edstico Internacional","publisher":{"@id":"https:\/\/sicsa.cr\/espanol\/#organization"},"potentialAction":[{"@type":"SearchAction","target":{"@type":"EntryPoint","urlTemplate":"https:\/\/sicsa.cr\/espanol\/?s={search_term_string}"},"query-input":{"@type":"PropertyValueSpecification","valueRequired":true,"valueName":"search_term_string"}}],"inLanguage":"en-US"},{"@type":"Organization","@id":"https:\/\/sicsa.cr\/espanol\/#organization","name":"SICSA","url":"https:\/\/sicsa.cr\/espanol\/","logo":{"@type":"ImageObject","inLanguage":"en-US","@id":"https:\/\/sicsa.cr\/espanol\/#\/schema\/logo\/image\/","url":"https:\/\/sicsa.cr\/espanol\/wp-content\/uploads\/2023\/12\/logo-small-1.png","contentUrl":"https:\/\/sicsa.cr\/espanol\/wp-content\/uploads\/2023\/12\/logo-small-1.png","width":177,"height":80,"caption":"SICSA"},"image":{"@id":"https:\/\/sicsa.cr\/espanol\/#\/schema\/logo\/image\/"},"sameAs":["https:\/\/www.facebook.com\/SICSAINTERNACIONAL","https:\/\/www.linkedin.com\/company\/sicsainternacional1976\/","https:\/\/www.instagram.com\/sicsainternacional\/"]}]}},"_links":{"self":[{"href":"https:\/\/sicsa.cr\/espanol\/wp-json\/wp\/v2\/pages\/2064","targetHints":{"allow":["GET"]}}],"collection":[{"href":"https:\/\/sicsa.cr\/espanol\/wp-json\/wp\/v2\/pages"}],"about":[{"href":"https:\/\/sicsa.cr\/espanol\/wp-json\/wp\/v2\/types\/page"}],"author":[{"embeddable":true,"href":"https:\/\/sicsa.cr\/espanol\/wp-json\/wp\/v2\/users\/2"}],"replies":[{"embeddable":true,"href":"https:\/\/sicsa.cr\/espanol\/wp-json\/wp\/v2\/comments?post=2064"}],"version-history":[{"count":13,"href":"https:\/\/sicsa.cr\/espanol\/wp-json\/wp\/v2\/pages\/2064\/revisions"}],"predecessor-version":[{"id":2479,"href":"https:\/\/sicsa.cr\/espanol\/wp-json\/wp\/v2\/pages\/2064\/revisions\/2479"}],"wp:attachment":[{"href":"https:\/\/sicsa.cr\/espanol\/wp-json\/wp\/v2\/media?parent=2064"}],"curies":[{"name":"wp","href":"https:\/\/api.w.org\/{rel}","templated":true}]}}