{"id":2071,"date":"2024-01-22T21:26:28","date_gmt":"2024-01-22T20:26:28","guid":{"rendered":"https:\/\/sicsa.cr\/espanol\/?page_id=2071"},"modified":"2026-01-27T23:56:55","modified_gmt":"2026-01-27T22:56:55","slug":"almacen-fiscal-y-bodega-general","status":"publish","type":"page","link":"https:\/\/sicsa.cr\/espanol\/almacen-fiscal-y-bodega-general\/","title":{"rendered":"Almac\u00e9n fiscal y bodega general"},"content":{"rendered":"<div class=\"wpb-content-wrapper\"><p>[vc_row][vc_column][vc_column_text]<\/p>\n<h4>En log\u00edstica, el proceso de almacenaje es clave, por lo que nosotros recibimos la mercanc\u00eda, la almacenamos y la ponemos a disposici\u00f3n del cliente bajo su demanda.<\/h4>\n<p>[\/vc_column_text][\/vc_column][\/vc_row][vc_row full_width=&#8221;stretch_row&#8221; css=&#8221;.vc_custom_1707418761658{padding-top: 50px !important;padding-bottom: 50px !important;background-color: #f4f4f4 !important;border-radius: 20px !important;}&#8221;][vc_column][vc_row_inner css=&#8221;.vc_custom_1707418430026{padding-top: 40px !important;padding-right: 40px !important;padding-bottom: 40px !important;padding-left: 40px !important;background-color: #ffffff !important;border-radius: 20px !important;}&#8221;][vc_column_inner width=&#8221;1\/2&#8243;]<div class=\"aio-icon-component    style_1\"><div id=\"Info-box-wrap-7230\" class=\"aio-icon-box default-icon\" style=\"\"  ><div class=\"aio-icon-default\"><div class=\"ult-just-icon-wrapper  \"><div class=\"align-icon\" style=\"text-align:center;\">\n<div class=\"aio-icon circle \"  style=\"color:#262f62;background:#ffffff;font-size:32px;display:inline-block;\">\n\t<i class=\"fas fa-project-diagram\"><\/i>\n<\/div><\/div><\/div><\/div><div class=\"aio-icon-header\" ><h3 class=\"aio-icon-title ult-responsive\"  data-ultimate-target='#Info-box-wrap-7230 .aio-icon-title'  data-responsive-json-new='{\"font-size\":\"\",\"line-height\":\"\"}'  style=\"\">Recepci\u00f3n de los productos:<\/h3><\/div> <!-- header --><div class=\"aio-icon-description ult-responsive\"  data-ultimate-target='#Info-box-wrap-7230 .aio-icon-description'  data-responsive-json-new='{\"font-size\":\"\",\"line-height\":\"\"}'  style=\"\">Se comprueba y se registra el estado de los productos entrantes, as\u00ed como la cantidad y calidad de acuerdo con los requerimientos del cliente.<\/div> <!-- description --><\/div> <!-- aio-icon-box --><\/div> <!-- aio-icon-component --><div class=\"aio-icon-component    style_1\"><div id=\"Info-box-wrap-1012\" class=\"aio-icon-box default-icon\" style=\"\"  ><div class=\"aio-icon-default\"><div class=\"ult-just-icon-wrapper  \"><div class=\"align-icon\" style=\"text-align:center;\">\n<div class=\"aio-icon circle \"  style=\"color:#262f62;background:#ffffff;font-size:32px;display:inline-block;\">\n\t<i class=\"fas fa-warehouse\"><\/i>\n<\/div><\/div><\/div><\/div><div class=\"aio-icon-header\" ><h3 class=\"aio-icon-title ult-responsive\"  data-ultimate-target='#Info-box-wrap-1012 .aio-icon-title'  data-responsive-json-new='{\"font-size\":\"\",\"line-height\":\"\"}'  style=\"\">Almacenamiento:<\/h3><\/div> <!-- header --><div class=\"aio-icon-description ult-responsive\"  data-ultimate-target='#Info-box-wrap-1012 .aio-icon-description'  data-responsive-json-new='{\"font-size\":\"\",\"line-height\":\"\"}'  style=\"\">Consiste en guardar las cargas.<\/div> <!-- description --><\/div> <!-- aio-icon-box --><\/div> <!-- aio-icon-component --><div class=\"aio-icon-component    style_1\"><div id=\"Info-box-wrap-7575\" class=\"aio-icon-box default-icon\" style=\"\"  ><div class=\"aio-icon-default\"><div class=\"ult-just-icon-wrapper  \"><div class=\"align-icon\" style=\"text-align:center;\">\n<div class=\"aio-icon circle \"  style=\"color:#262f62;background:#ffffff;font-size:32px;display:inline-block;\">\n\t<i class=\"fas fa-archive\"><\/i>\n<\/div><\/div><\/div><\/div><div class=\"aio-icon-header\" ><h3 class=\"aio-icon-title ult-responsive\"  data-ultimate-target='#Info-box-wrap-7575 .aio-icon-title'  data-responsive-json-new='{\"font-size\":\"\",\"line-height\":\"\"}'  style=\"\">Conservaci\u00f3n y mantenimiento:<\/h3><\/div> <!-- header --><div class=\"aio-icon-description ult-responsive\"  data-ultimate-target='#Info-box-wrap-7575 .aio-icon-description'  data-responsive-json-new='{\"font-size\":\"\",\"line-height\":\"\"}'  style=\"\">Los productos estar\u00e1n conservados en perfecto estado durante el almacenaje cumpliendo las normas de seguridad, salud y otros requerimientos.<\/div> <!-- description --><\/div> <!-- aio-icon-box --><\/div> <!-- aio-icon-component -->[\/vc_column_inner][vc_column_inner width=&#8221;1\/2&#8243;]<div class=\"aio-icon-component    style_1\"><div id=\"Info-box-wrap-3181\" class=\"aio-icon-box default-icon\" style=\"\"  ><div class=\"aio-icon-default\"><div class=\"ult-just-icon-wrapper  \"><div class=\"align-icon\" style=\"text-align:center;\">\n<div class=\"aio-icon circle \"  style=\"color:#262f62;background:#ffffff;font-size:32px;display:inline-block;\">\n\t<i class=\"dt-icon-the7-misc-006-1\"><\/i>\n<\/div><\/div><\/div><\/div><div class=\"aio-icon-header\" ><h3 class=\"aio-icon-title ult-responsive\"  data-ultimate-target='#Info-box-wrap-3181 .aio-icon-title'  data-responsive-json-new='{\"font-size\":\"\",\"line-height\":\"\"}'  style=\"\">Recepci\u00f3n de los productos:<\/h3><\/div> <!-- header --><div class=\"aio-icon-description ult-responsive\"  data-ultimate-target='#Info-box-wrap-3181 .aio-icon-description'  data-responsive-json-new='{\"font-size\":\"\",\"line-height\":\"\"}'  style=\"\">Se lleva un registro de mercanc\u00edas para tener informado al cliente.<\/div> <!-- description --><\/div> <!-- aio-icon-box --><\/div> <!-- aio-icon-component --><div class=\"aio-icon-component    style_1\"><div id=\"Info-box-wrap-9026\" class=\"aio-icon-box default-icon\" style=\"\"  ><div class=\"aio-icon-default\"><div class=\"ult-just-icon-wrapper  \"><div class=\"align-icon\" style=\"text-align:center;\">\n<div class=\"aio-icon circle \"  style=\"color:#262f62;background:#ffffff;font-size:32px;display:inline-block;\">\n\t<i class=\"icomoon-the7-font-the7-arrow-29\"><\/i>\n<\/div><\/div><\/div><\/div><div class=\"aio-icon-header\" ><h3 class=\"aio-icon-title ult-responsive\"  data-ultimate-target='#Info-box-wrap-9026 .aio-icon-title'  data-responsive-json-new='{\"font-size\":\"\",\"line-height\":\"\"}'  style=\"\">Transporte:<\/h3><\/div> <!-- header --><div class=\"aio-icon-description ult-responsive\"  data-ultimate-target='#Info-box-wrap-9026 .aio-icon-description'  data-responsive-json-new='{\"font-size\":\"\",\"line-height\":\"\"}'  style=\"\">Una vez se solicita el pedido, se embala y env\u00eda seg\u00fan sus caracter\u00edsticas y destino.<\/div> <!-- description --><\/div> <!-- aio-icon-box --><\/div> <!-- aio-icon-component -->[\/vc_column_inner][\/vc_row_inner][\/vc_column][\/vc_row][vc_row full_width=&#8221;stretch_row&#8221; css=&#8221;.vc_custom_1707418771138{padding-top: 60px !important;padding-bottom: 60px !important;background-color: #ffffff !important;}&#8221;][vc_column width=&#8221;1\/2&#8243;][vc_column_text]<\/p>\n<h3 style=\"text-align: justify;\"><strong>Almac\u00e9n fiscal<\/strong>:<\/h3>\n<p style=\"text-align: justify;\">\u2022 Un almac\u00e9n fiscal es un recinto autorizado por las autoridades aduaneras de un pa\u00eds para el almacenamiento de mercanc\u00edas importadas que a\u00fan no han sido despachadas para consumo interno o exportaci\u00f3n.<\/p>\n<p>&nbsp;<\/p>\n<p style=\"text-align: justify;\">\u2022 Las mercanc\u00edas almacenadas en un almac\u00e9n fiscal no est\u00e1n sujetas al pago de impuestos o aranceles hasta que se retiren para su venta en el mercado local o su exportaci\u00f3n.<\/p>\n<p>&nbsp;<\/p>\n<p style=\"text-align: justify;\">\u2022 Los almacenes fiscales ofrecen a las empresas una opci\u00f3n para almacenar mercanc\u00edas sin incurrir en costos fiscales inmediatos, lo que puede ser \u00fatil para la gesti\u00f3n de inventarios, la optimizaci\u00f3n de la cadena de suministro o la reexportaci\u00f3n de mercanc\u00edas.<\/p>\n<p>[\/vc_column_text][\/vc_column][vc_column width=&#8221;1\/2&#8243;][vc_single_image image=&#8221;1771&#8243; img_size=&#8221;500 x 500&#8243; style=&#8221;vc_box_rounded&#8221;][\/vc_column][\/vc_row][vc_row full_width=&#8221;stretch_row&#8221; css=&#8221;.vc_custom_1707418778794{padding-top: 60px !important;padding-bottom: 60px !important;background-color: #f4f4f4 !important;}&#8221;][vc_column width=&#8221;1\/2&#8243;][vc_column_text]<\/p>\n<h3 style=\"text-align: justify;\">Bodega general:<\/h3>\n<p style=\"text-align: justify;\">Una bodega general es un espacio o instalaci\u00f3n destinada al almacenamiento de mercanc\u00edas, productos o bienes de manera temporal o permanente.<\/p>\n<p>&nbsp;<\/p>\n<p style=\"text-align: justify;\">A diferencia de un almac\u00e9n fiscal, una bodega general no tiene necesariamente el estatus aduanero especial que permite el almacenamiento de mercanc\u00edas importadas sin el pago inmediato de impuestos o aranceles.<\/p>\n<p>&nbsp;<\/p>\n<p style=\"text-align: justify;\">Brindamos una gesti\u00f3n integrada, estrat\u00e9gica y tecnol\u00f3gicamente avanzada del almacenamiento y control de sus cargas, con el objetivo de mejorar la eficiencia operativa, reducir costos, y ofrecer valor a\u00f1adido a lo largo de toda la cadena de suministro.<\/p>\n<p>[\/vc_column_text][\/vc_column][vc_column width=&#8221;1\/2&#8243;][vc_single_image image=&#8221;2179&#8243; img_size=&#8221;500 x 500&#8243; style=&#8221;vc_box_rounded&#8221;][\/vc_column][\/vc_row][vc_row][vc_column][vc_column_text]<\/p>\n<h3 style=\"text-align: center;\">Alianzas y Certificaciones<\/h3>\n<p>[\/vc_column_text][vc_single_image image=&#8221;2433&#8243; img_size=&#8221;full&#8221; alignment=&#8221;center&#8221;][\/vc_column][\/vc_row][vc_row css=&#8221;.vc_custom_1727976113715{padding-top: 60px !important;padding-bottom: 60px !important;}&#8221;][vc_column][vc_column_text]<\/p>\n<h2 style=\"text-align: center;\">Preguntas Frecuentes<\/h2>\n<p>[\/vc_column_text][vc_tta_accordion color=&#8221;blue&#8221; spacing=&#8221;1&#8243; gap=&#8221;1&#8243; active_section=&#8221;&#8221; no_fill=&#8221;true&#8221; collapsible_all=&#8221;true&#8221;][vc_tta_section title=&#8221;\u00bfQu\u00e9 es un almac\u00e9n aduanero?&#8221; tab_id=&#8221;1727975820359-549bcd2b-6697&#8243;][vc_column_text]Un almac\u00e9n aduanero es una instalaci\u00f3n autorizada por las autoridades aduaneras para almacenar bienes importados que a\u00fan no han sido aprobados para el consumo dom\u00e9stico o la exportaci\u00f3n.[\/vc_column_text][\/vc_tta_section][vc_tta_section title=&#8221;\u00bfCu\u00e1les son las ventajas de utilizar un almac\u00e9n aduanero?&#8221; tab_id=&#8221;1727975917484-2566b1b7-0d12&#8243;][vc_column_text]Los bienes almacenados en un almac\u00e9n aduanero no est\u00e1n sujetos a aranceles o impuestos hasta que se retiren, lo que ayuda en la gesti\u00f3n de inventarios, la optimizaci\u00f3n de la cadena de suministro y la reexportaci\u00f3n.[\/vc_column_text][\/vc_tta_section][vc_tta_section title=&#8221;\u00bfQu\u00e9 procesos se llevan a cabo durante la recepci\u00f3n de productos?&#8221; tab_id=&#8221;1727975916932-c3d4d486-8ce9&#8243;][vc_column_text]Durante la recepci\u00f3n de productos, se revisa y registra el estado, la cantidad y la calidad de los productos entrantes seg\u00fan los requisitos del cliente.[\/vc_column_text][\/vc_tta_section][vc_tta_section title=&#8221;\u00bfC\u00f3mo gestionan los inventarios en su almac\u00e9n?&#8221; tab_id=&#8221;1727975916237-4b503bf2-96cb&#8221;][vc_column_text]Mantenemos un registro detallado de la mercanc\u00eda y aseguramos que los clientes est\u00e9n informados mediante una gesti\u00f3n efectiva del inventario.[\/vc_column_text][\/vc_tta_section][vc_tta_section title=&#8221;\u00bfEn qu\u00e9 se diferencia un almac\u00e9n aduanero de un almac\u00e9n general?&#8221; tab_id=&#8221;1727975915404-dd05e5a0-3741&#8243;][vc_column_text]Un almac\u00e9n aduanero tiene un estatus aduanero especial que permite almacenar bienes sin pagar inmediatamente derechos o impuestos, mientras que un almac\u00e9n general no ofrece este beneficio.[\/vc_column_text][\/vc_tta_section][vc_tta_section title=&#8221;\u00bfQu\u00e9 tipo de productos se pueden almacenar en un almac\u00e9n general?&#8221; tab_id=&#8221;1727975914686-bc076a66-72a5&#8243;][vc_column_text]Un almac\u00e9n general est\u00e1 destinado al almacenamiento temporal o permanente de varios tipos de mercanc\u00edas, productos o bienes.[\/vc_column_text][\/vc_tta_section][vc_tta_section title=&#8221;\u00bfC\u00f3mo aseguran la conservaci\u00f3n y el mantenimiento de los productos?&#8221; tab_id=&#8221;1727975914000-809f737a-d560&#8243;][vc_column_text]Los productos se mantienen en perfecto estado durante el almacenamiento cumpliendo con los requisitos de seguridad, salud y otros relevantes.[\/vc_column_text][\/vc_tta_section][vc_tta_section title=&#8221;\u00bfQu\u00e9 sucede con los productos una vez que se realiza un pedido?&#8221; tab_id=&#8221;1727975913326-a3cc8deb-cf6f&#8221;][vc_column_text]Una vez que se realiza un pedido, los productos se empaquetan y env\u00edan de acuerdo con sus caracter\u00edsticas y destino.[\/vc_column_text][\/vc_tta_section][vc_tta_section title=&#8221;\u00bfC\u00f3mo contribuye un almac\u00e9n aduanero a la optimizaci\u00f3n de la cadena de suministro?&#8221; tab_id=&#8221;1727975912675-ab2ddc1d-f148&#8243;][vc_column_text]Al almacenar bienes sin incurrir en costos impositivos inmediatos, un almac\u00e9n aduanero ayuda en la gesti\u00f3n de inventarios y la optimizaci\u00f3n de la cadena de suministro.[\/vc_column_text][\/vc_tta_section][vc_tta_section title=&#8221;\u00bfQu\u00e9 tecnolog\u00eda utilizan para mejorar la eficiencia operativa en el almac\u00e9n?&#8221; tab_id=&#8221;1727975912008-5e1ed813-48ed&#8221;][vc_column_text]Utilizamos sistemas de gesti\u00f3n integrados, estrat\u00e9gicos y tecnol\u00f3gicamente avanzados para mejorar la eficiencia operativa, reducir costos y agregar valor en toda la cadena de suministro.[\/vc_column_text][\/vc_tta_section][\/vc_tta_accordion][\/vc_column][\/vc_row]<\/p>\n<\/div>","protected":false},"excerpt":{"rendered":"<p>[vc_row][vc_column][vc_column_text] En log\u00edstica, el proceso de almacenaje es clave, por lo que nosotros recibimos la mercanc\u00eda, la almacenamos y la ponemos a disposici\u00f3n del cliente bajo su demanda. [\/vc_column_text][\/vc_column][\/vc_row][vc_row full_width=&#8221;stretch_row&#8221; css=&#8221;.vc_custom_1707418761658{padding-top: 50px !important;padding-bottom: 50px !important;background-color: #f4f4f4 !important;border-radius: 20px !important;}&#8221;][vc_column][vc_row_inner css=&#8221;.vc_custom_1707418430026{padding-top: 40px !important;padding-right: 40px !important;padding-bottom: 40px !important;padding-left: 40px !important;background-color: #ffffff !important;border-radius: 20px !important;}&#8221;][vc_column_inner width=&#8221;1\/2&#8243;][\/vc_column_inner][vc_column_inner width=&#8221;1\/2&#8243;][\/vc_column_inner][\/vc_row_inner][\/vc_column][\/vc_row][vc_row full_width=&#8221;stretch_row&#8221;&hellip;<\/p>\n","protected":false},"author":2,"featured_media":0,"parent":0,"menu_order":0,"comment_status":"closed","ping_status":"closed","template":"","meta":{"_acf_changed":false,"_joinchat":[],"footnotes":""},"class_list":["post-2071","page","type-page","status-publish","hentry","description-off"],"acf":[],"yoast_head":"<!-- This site is optimized with the Yoast SEO plugin v24.9 - https:\/\/yoast.com\/wordpress\/plugins\/seo\/ -->\n<title>SICSA | Dep\u00f3sito Fiscal y Almac\u00e9n General | Gesti\u00f3n de inventario<\/title>\n<meta name=\"description\" content=\"Explore los servicios eficientes de Almac\u00e9n General y Almac\u00e9n Fiscal en SICSA. Nos encargamos de la recepci\u00f3n de mercanc\u00edas, almacenamiento y control de inventarios para nuestros clientes. \u00a1Vis\u00edtanos ahora!\" \/>\n<meta name=\"robots\" content=\"index, follow, max-snippet:-1, max-image-preview:large, max-video-preview:-1\" \/>\n<link rel=\"canonical\" href=\"https:\/\/sicsa.cr\/espanol\/almacen-fiscal-y-bodega-general\/\" \/>\n<meta property=\"og:locale\" content=\"en_US\" \/>\n<meta property=\"og:type\" content=\"article\" \/>\n<meta property=\"og:title\" content=\"SICSA | Dep\u00f3sito Fiscal y Almac\u00e9n General | Gesti\u00f3n de inventario\" \/>\n<meta property=\"og:description\" content=\"Explore los servicios eficientes de Almac\u00e9n General y Almac\u00e9n Fiscal en SICSA. Nos encargamos de la recepci\u00f3n de mercanc\u00edas, almacenamiento y control de inventarios para nuestros clientes. \u00a1Vis\u00edtanos ahora!\" \/>\n<meta property=\"og:url\" content=\"https:\/\/sicsa.cr\/espanol\/almacen-fiscal-y-bodega-general\/\" \/>\n<meta property=\"og:site_name\" content=\"SICSA\" \/>\n<meta property=\"article:publisher\" content=\"https:\/\/www.facebook.com\/SICSAINTERNACIONAL\" \/>\n<meta property=\"article:modified_time\" content=\"2026-01-27T22:56:55+00:00\" \/>\n<meta property=\"og:image\" content=\"https:\/\/sicsa.cr\/espanol\/wp-content\/uploads\/2023\/12\/logo-sicsa-alta.jpg\" \/>\n\t<meta property=\"og:image:width\" content=\"500\" \/>\n\t<meta property=\"og:image:height\" content=\"221\" \/>\n\t<meta property=\"og:image:type\" content=\"image\/jpeg\" \/>\n<meta name=\"twitter:card\" content=\"summary_large_image\" \/>\n<meta name=\"twitter:label1\" content=\"Est. reading time\" \/>\n\t<meta name=\"twitter:data1\" content=\"4 minutes\" \/>\n<script type=\"application\/ld+json\" class=\"yoast-schema-graph\">{\"@context\":\"https:\/\/schema.org\",\"@graph\":[{\"@type\":\"WebPage\",\"@id\":\"https:\/\/sicsa.cr\/espanol\/almacen-fiscal-y-bodega-general\/\",\"url\":\"https:\/\/sicsa.cr\/espanol\/almacen-fiscal-y-bodega-general\/\",\"name\":\"SICSA | Dep\u00f3sito Fiscal y Almac\u00e9n General | Gesti\u00f3n de inventario\",\"isPartOf\":{\"@id\":\"https:\/\/sicsa.cr\/espanol\/#website\"},\"datePublished\":\"2024-01-22T20:26:28+00:00\",\"dateModified\":\"2026-01-27T22:56:55+00:00\",\"description\":\"Explore los servicios eficientes de Almac\u00e9n General y Almac\u00e9n Fiscal en SICSA. Nos encargamos de la recepci\u00f3n de mercanc\u00edas, almacenamiento y control de inventarios para nuestros clientes. \u00a1Vis\u00edtanos ahora!\",\"breadcrumb\":{\"@id\":\"https:\/\/sicsa.cr\/espanol\/almacen-fiscal-y-bodega-general\/#breadcrumb\"},\"inLanguage\":\"en-US\",\"potentialAction\":[{\"@type\":\"ReadAction\",\"target\":[\"https:\/\/sicsa.cr\/espanol\/almacen-fiscal-y-bodega-general\/\"]}]},{\"@type\":\"BreadcrumbList\",\"@id\":\"https:\/\/sicsa.cr\/espanol\/almacen-fiscal-y-bodega-general\/#breadcrumb\",\"itemListElement\":[{\"@type\":\"ListItem\",\"position\":1,\"name\":\"Home\",\"item\":\"https:\/\/sicsa.cr\/espanol\/\"},{\"@type\":\"ListItem\",\"position\":2,\"name\":\"Almac\u00e9n fiscal y bodega general\"}]},{\"@type\":\"WebSite\",\"@id\":\"https:\/\/sicsa.cr\/espanol\/#website\",\"url\":\"https:\/\/sicsa.cr\/espanol\/\",\"name\":\"SICSA Operador Log\u00edstico Internacional | Desde 1976\",\"description\":\"Operador Log\u00edstico Internacional\",\"publisher\":{\"@id\":\"https:\/\/sicsa.cr\/espanol\/#organization\"},\"potentialAction\":[{\"@type\":\"SearchAction\",\"target\":{\"@type\":\"EntryPoint\",\"urlTemplate\":\"https:\/\/sicsa.cr\/espanol\/?s={search_term_string}\"},\"query-input\":{\"@type\":\"PropertyValueSpecification\",\"valueRequired\":true,\"valueName\":\"search_term_string\"}}],\"inLanguage\":\"en-US\"},{\"@type\":\"Organization\",\"@id\":\"https:\/\/sicsa.cr\/espanol\/#organization\",\"name\":\"SICSA\",\"url\":\"https:\/\/sicsa.cr\/espanol\/\",\"logo\":{\"@type\":\"ImageObject\",\"inLanguage\":\"en-US\",\"@id\":\"https:\/\/sicsa.cr\/espanol\/#\/schema\/logo\/image\/\",\"url\":\"https:\/\/sicsa.cr\/espanol\/wp-content\/uploads\/2023\/12\/logo-small-1.png\",\"contentUrl\":\"https:\/\/sicsa.cr\/espanol\/wp-content\/uploads\/2023\/12\/logo-small-1.png\",\"width\":177,\"height\":80,\"caption\":\"SICSA\"},\"image\":{\"@id\":\"https:\/\/sicsa.cr\/espanol\/#\/schema\/logo\/image\/\"},\"sameAs\":[\"https:\/\/www.facebook.com\/SICSAINTERNACIONAL\",\"https:\/\/www.linkedin.com\/company\/sicsainternacional1976\/\",\"https:\/\/www.instagram.com\/sicsainternacional\/\"]}]}<\/script>\n<!-- \/ Yoast SEO plugin. -->","yoast_head_json":{"title":"SICSA | Dep\u00f3sito Fiscal y Almac\u00e9n General | Gesti\u00f3n de inventario","description":"Explore los servicios eficientes de Almac\u00e9n General y Almac\u00e9n Fiscal en SICSA. Nos encargamos de la recepci\u00f3n de mercanc\u00edas, almacenamiento y control de inventarios para nuestros clientes. \u00a1Vis\u00edtanos ahora!","robots":{"index":"index","follow":"follow","max-snippet":"max-snippet:-1","max-image-preview":"max-image-preview:large","max-video-preview":"max-video-preview:-1"},"canonical":"https:\/\/sicsa.cr\/espanol\/almacen-fiscal-y-bodega-general\/","og_locale":"en_US","og_type":"article","og_title":"SICSA | Dep\u00f3sito Fiscal y Almac\u00e9n General | Gesti\u00f3n de inventario","og_description":"Explore los servicios eficientes de Almac\u00e9n General y Almac\u00e9n Fiscal en SICSA. Nos encargamos de la recepci\u00f3n de mercanc\u00edas, almacenamiento y control de inventarios para nuestros clientes. \u00a1Vis\u00edtanos ahora!","og_url":"https:\/\/sicsa.cr\/espanol\/almacen-fiscal-y-bodega-general\/","og_site_name":"SICSA","article_publisher":"https:\/\/www.facebook.com\/SICSAINTERNACIONAL","article_modified_time":"2026-01-27T22:56:55+00:00","og_image":[{"width":500,"height":221,"url":"https:\/\/sicsa.cr\/espanol\/wp-content\/uploads\/2023\/12\/logo-sicsa-alta.jpg","type":"image\/jpeg"}],"twitter_card":"summary_large_image","twitter_misc":{"Est. reading time":"4 minutes"},"schema":{"@context":"https:\/\/schema.org","@graph":[{"@type":"WebPage","@id":"https:\/\/sicsa.cr\/espanol\/almacen-fiscal-y-bodega-general\/","url":"https:\/\/sicsa.cr\/espanol\/almacen-fiscal-y-bodega-general\/","name":"SICSA | Dep\u00f3sito Fiscal y Almac\u00e9n General | Gesti\u00f3n de inventario","isPartOf":{"@id":"https:\/\/sicsa.cr\/espanol\/#website"},"datePublished":"2024-01-22T20:26:28+00:00","dateModified":"2026-01-27T22:56:55+00:00","description":"Explore los servicios eficientes de Almac\u00e9n General y Almac\u00e9n Fiscal en SICSA. Nos encargamos de la recepci\u00f3n de mercanc\u00edas, almacenamiento y control de inventarios para nuestros clientes. \u00a1Vis\u00edtanos ahora!","breadcrumb":{"@id":"https:\/\/sicsa.cr\/espanol\/almacen-fiscal-y-bodega-general\/#breadcrumb"},"inLanguage":"en-US","potentialAction":[{"@type":"ReadAction","target":["https:\/\/sicsa.cr\/espanol\/almacen-fiscal-y-bodega-general\/"]}]},{"@type":"BreadcrumbList","@id":"https:\/\/sicsa.cr\/espanol\/almacen-fiscal-y-bodega-general\/#breadcrumb","itemListElement":[{"@type":"ListItem","position":1,"name":"Home","item":"https:\/\/sicsa.cr\/espanol\/"},{"@type":"ListItem","position":2,"name":"Almac\u00e9n fiscal y bodega general"}]},{"@type":"WebSite","@id":"https:\/\/sicsa.cr\/espanol\/#website","url":"https:\/\/sicsa.cr\/espanol\/","name":"SICSA Operador Log\u00edstico Internacional | Desde 1976","description":"Operador Log\u00edstico Internacional","publisher":{"@id":"https:\/\/sicsa.cr\/espanol\/#organization"},"potentialAction":[{"@type":"SearchAction","target":{"@type":"EntryPoint","urlTemplate":"https:\/\/sicsa.cr\/espanol\/?s={search_term_string}"},"query-input":{"@type":"PropertyValueSpecification","valueRequired":true,"valueName":"search_term_string"}}],"inLanguage":"en-US"},{"@type":"Organization","@id":"https:\/\/sicsa.cr\/espanol\/#organization","name":"SICSA","url":"https:\/\/sicsa.cr\/espanol\/","logo":{"@type":"ImageObject","inLanguage":"en-US","@id":"https:\/\/sicsa.cr\/espanol\/#\/schema\/logo\/image\/","url":"https:\/\/sicsa.cr\/espanol\/wp-content\/uploads\/2023\/12\/logo-small-1.png","contentUrl":"https:\/\/sicsa.cr\/espanol\/wp-content\/uploads\/2023\/12\/logo-small-1.png","width":177,"height":80,"caption":"SICSA"},"image":{"@id":"https:\/\/sicsa.cr\/espanol\/#\/schema\/logo\/image\/"},"sameAs":["https:\/\/www.facebook.com\/SICSAINTERNACIONAL","https:\/\/www.linkedin.com\/company\/sicsainternacional1976\/","https:\/\/www.instagram.com\/sicsainternacional\/"]}]}},"_links":{"self":[{"href":"https:\/\/sicsa.cr\/espanol\/wp-json\/wp\/v2\/pages\/2071","targetHints":{"allow":["GET"]}}],"collection":[{"href":"https:\/\/sicsa.cr\/espanol\/wp-json\/wp\/v2\/pages"}],"about":[{"href":"https:\/\/sicsa.cr\/espanol\/wp-json\/wp\/v2\/types\/page"}],"author":[{"embeddable":true,"href":"https:\/\/sicsa.cr\/espanol\/wp-json\/wp\/v2\/users\/2"}],"replies":[{"embeddable":true,"href":"https:\/\/sicsa.cr\/espanol\/wp-json\/wp\/v2\/comments?post=2071"}],"version-history":[{"count":9,"href":"https:\/\/sicsa.cr\/espanol\/wp-json\/wp\/v2\/pages\/2071\/revisions"}],"predecessor-version":[{"id":2440,"href":"https:\/\/sicsa.cr\/espanol\/wp-json\/wp\/v2\/pages\/2071\/revisions\/2440"}],"wp:attachment":[{"href":"https:\/\/sicsa.cr\/espanol\/wp-json\/wp\/v2\/media?parent=2071"}],"curies":[{"name":"wp","href":"https:\/\/api.w.org\/{rel}","templated":true}]}}