{"id":2076,"date":"2024-01-22T21:41:02","date_gmt":"2024-01-22T20:41:02","guid":{"rendered":"https:\/\/sicsa.cr\/espanol\/?page_id=2076"},"modified":"2026-01-27T23:58:14","modified_gmt":"2026-01-27T22:58:14","slug":"carga-proyecto","status":"publish","type":"page","link":"https:\/\/sicsa.cr\/espanol\/carga-proyecto\/","title":{"rendered":"Carga proyecto"},"content":{"rendered":"<div class=\"wpb-content-wrapper\"><p>[vc_row full_width=&#8221;stretch_row&#8221; css=&#8221;.vc_custom_1705941137297{margin-top: -70px !important;padding-top: 60px !important;padding-bottom: 60px !important;background-color: #f9f9f9 !important;}&#8221;][vc_column][vc_row_inner][vc_column_inner width=&#8221;1\/2&#8243;][vc_column_text]<\/p>\n<h3 style=\"text-align: left;\">Se trata del tipo de\u00a0carga o mercanc\u00eda que sobrepasa las dimensiones y peso convencionales.<\/h3>\n<p>&nbsp;<\/p>\n<p style=\"text-align: justify;\">Estas cargas requieren una planificaci\u00f3n detallada, equipos especializados y conocimientos t\u00e9cnicos para su transporte seguro y eficiente.<\/p>\n<p>&nbsp;<\/p>\n<p style=\"text-align: justify;\">Para movilizar este tipo de mercanc\u00eda, tambi\u00e9n conocida como carga proyecto, se requiere el uso de\u00a0veh\u00edculos, contenedores y embalaje especializados.\u00a0Adem\u00e1s, necesita de\u00a0experiencia en maniobra, manipulaci\u00f3n, permisos\u00a0y otros requerimientos.<\/p>\n<p>[\/vc_column_text][\/vc_column_inner][vc_column_inner width=&#8221;1\/2&#8243;][vc_single_image image=&#8221;2206&#8243; img_size=&#8221;700 x 500&#8243; style=&#8221;vc_box_rounded&#8221;][\/vc_column_inner][\/vc_row_inner][\/vc_column][\/vc_row][vc_row css=&#8221;.vc_custom_1705955981912{padding-top: 60px !important;padding-bottom: 60px !important;}&#8221;][vc_column][vc_column_text]<\/p>\n<p style=\"text-align: justify;\"><strong>Analizamos y supervisamos los embarques m\u00e1s complejos de carga pesada y sobredimensionada para realizar su transporte de la manera m\u00e1s eficiente.<\/strong><\/p>\n<p>&nbsp;<\/p>\n<p style=\"text-align: justify;\">Entre los proyectos que hemos realizado para la importaci\u00f3n y exportaci\u00f3n de este tipo de carga, destacan los sectores industriales, de construcci\u00f3n y hoteler\u00eda alrededor de las diferentes provincias del pa\u00eds.<\/p>\n<p>[\/vc_column_text][\/vc_column][\/vc_row][vc_row][vc_column][vc_column_text]<\/p>\n<h2>Tipos de transporte para carga proyecto:<\/h2>\n<p>[\/vc_column_text][vc_column_text css=&#8221;.vc_custom_1708118424599{padding-top: 20px !important;padding-right: 20px !important;padding-bottom: 20px !important;padding-left: 20px !important;background-color: #252e66 !important;}&#8221;]<span style=\"color: #ffffff;\"><strong>\u2022 Flat Rack<\/strong><\/span>[\/vc_column_text][vc_column_text css=&#8221;.vc_custom_1708118431414{padding-top: 20px !important;padding-right: 20px !important;padding-bottom: 20px !important;padding-left: 20px !important;background-color: #252e66 !important;}&#8221;]<span style=\"color: #ffffff;\"><strong>\u2022 Low Boy<\/strong><\/span>[\/vc_column_text][vc_column_text css=&#8221;.vc_custom_1708118437976{padding-top: 20px !important;padding-right: 20px !important;padding-bottom: 20px !important;padding-left: 20px !important;background-color: #252e66 !important;}&#8221;]<span style=\"color: #ffffff;\"><strong>\u2022 Open Top<\/strong><\/span>[\/vc_column_text][\/vc_column][\/vc_row][vc_row][vc_column][vc_column_text]<\/p>\n<h3 style=\"text-align: center;\">Alianzas y Certificaciones<\/h3>\n<p>[\/vc_column_text][vc_single_image image=&#8221;2433&#8243; img_size=&#8221;full&#8221;][\/vc_column][\/vc_row][vc_row css=&#8221;.vc_custom_1727976113715{padding-top: 60px !important;padding-bottom: 60px !important;}&#8221;][vc_column][vc_column_text]<\/p>\n<h2 style=\"text-align: center;\">Preguntas Frecuentes<\/h2>\n<p>[\/vc_column_text][vc_tta_accordion color=&#8221;blue&#8221; spacing=&#8221;1&#8243; gap=&#8221;1&#8243; active_section=&#8221;&#8221; no_fill=&#8221;true&#8221; collapsible_all=&#8221;true&#8221;][vc_tta_section title=&#8221;\u00bfQu\u00e9 es la carga de proyecto?&#8221; tab_id=&#8221;1727975820359-549bcd2b-6697&#8243;][vc_column_text]La carga de proyecto es aquel tipo de carga o mercanc\u00eda que supera las dimensiones y el peso convencionales.[\/vc_column_text][\/vc_tta_section][vc_tta_section title=&#8221;\u00bfQu\u00e9 se necesita para transportar carga de proyecto de manera segura y eficiente?&#8221; tab_id=&#8221;1727975917484-2566b1b7-0d12&#8243;][vc_column_text]Se requiere planificaci\u00f3n detallada, equipos especializados y experiencia t\u00e9cnica para el transporte seguro y eficiente de la carga de proyecto.[\/vc_column_text][\/vc_tta_section][vc_tta_section title=&#8221;\u00bfQu\u00e9 tipo de veh\u00edculos y contenedores se utilizan para la carga de proyecto?&#8221; tab_id=&#8221;1727975916932-c3d4d486-8ce9&#8243;][vc_column_text]Para transportar carga de proyecto se utilizan veh\u00edculos especializados, contenedores y embalajes adecuados para manejar las dimensiones y el peso de la carga.[\/vc_column_text][\/vc_tta_section][vc_tta_section title=&#8221;\u00bfQu\u00e9 aspectos se deben considerar al manejar carga de proyecto?&#8221; tab_id=&#8221;1727975916237-4b503bf2-96cb&#8221;][vc_column_text]Es necesario tener experiencia en maniobras, manejo, permisos y otros requisitos espec\u00edficos para la carga de proyecto.[\/vc_column_text][\/vc_tta_section][vc_tta_section title=&#8221;\u00bfC\u00f3mo supervisan los env\u00edos de carga pesada y sobredimensionada?&#8221; tab_id=&#8221;1727975915404-dd05e5a0-3741&#8243;][vc_column_text]Analizamos y supervisamos los env\u00edos m\u00e1s complejos de carga pesada y sobredimensionada para transportarlos de la manera m\u00e1s eficiente posible.[\/vc_column_text][\/vc_tta_section][vc_tta_section title=&#8221;\u00bfQu\u00e9 industrias suelen requerir el transporte de carga de proyecto?&#8221; tab_id=&#8221;1727975914686-bc076a66-72a5&#8243;][vc_column_text]Las industrias que suelen requerir el transporte de carga de proyecto incluyen la industrial, de construcci\u00f3n y hotelera, en diferentes provincias del pa\u00eds.[\/vc_column_text][\/vc_tta_section][vc_tta_section title=&#8221;\u00bfQu\u00e9 tipos de transporte se utilizan para la carga de proyecto?&#8221; tab_id=&#8221;1727975914000-809f737a-d560&#8243;][vc_column_text]Los tipos de transporte para carga de proyecto incluyen Flat Rack, Low Boy y Open Top.[\/vc_column_text][\/vc_tta_section][vc_tta_section title=&#8221;\u00bfQu\u00e9 es un contenedor Flat Rack?&#8221; tab_id=&#8221;1727975913326-a3cc8deb-cf6f&#8221;][vc_column_text]Un contenedor Flat Rack es un tipo de contenedor plano que se utiliza para transportar cargas grandes o pesadas que no caben en contenedores est\u00e1ndar.[\/vc_column_text][\/vc_tta_section][vc_tta_section title=&#8221;\u00bfQu\u00e9 es un Low Boy?&#8221; tab_id=&#8221;1727975912675-ab2ddc1d-f148&#8243;][vc_column_text]Un Low Boy es un tipo de remolque bajo que permite el transporte de cargas de gran altura, ya que tiene una plataforma baja para mantener la carga cerca del suelo.[\/vc_column_text][\/vc_tta_section][vc_tta_section title=&#8221;\u00bfQu\u00e9 es un contenedor Open Top?&#8221; tab_id=&#8221;1727975912008-5e1ed813-48ed&#8221;][vc_column_text]Un contenedor Open Top es un tipo de contenedor con una parte superior abierta que permite cargar mercanc\u00edas de gran altura que no se pueden introducir por las puertas est\u00e1ndar.[\/vc_column_text][\/vc_tta_section][\/vc_tta_accordion][\/vc_column][\/vc_row]<\/p>\n<\/div>","protected":false},"excerpt":{"rendered":"<p>[vc_row full_width=&#8221;stretch_row&#8221; css=&#8221;.vc_custom_1705941137297{margin-top: -70px !important;padding-top: 60px !important;padding-bottom: 60px !important;background-color: #f9f9f9 !important;}&#8221;][vc_column][vc_row_inner][vc_column_inner width=&#8221;1\/2&#8243;][vc_column_text] Se trata del tipo de\u00a0carga o mercanc\u00eda que sobrepasa las dimensiones y peso convencionales. &nbsp; Estas cargas requieren una planificaci\u00f3n detallada, equipos especializados y conocimientos t\u00e9cnicos para su transporte seguro y eficiente. &nbsp; Para movilizar este tipo de mercanc\u00eda, tambi\u00e9n conocida como carga&hellip;<\/p>\n","protected":false},"author":2,"featured_media":0,"parent":0,"menu_order":0,"comment_status":"closed","ping_status":"closed","template":"","meta":{"_acf_changed":false,"_joinchat":[],"footnotes":""},"class_list":["post-2076","page","type-page","status-publish","hentry","description-off"],"acf":[],"yoast_head":"<!-- This site is optimized with the Yoast SEO plugin v24.9 - https:\/\/yoast.com\/wordpress\/plugins\/seo\/ -->\n<title>SICSA | Carga Proyecto I Planificaci\u00f3n detallada I Carga pesada<\/title>\n<meta name=\"description\" content=\"Especialistas en la log\u00edstica para Carga Proyecto. Flat rack, open top,low boy, y m\u00e1s. Servicio Integral en cada punto de la cadena log\u00edstica para sus proyectos.\" \/>\n<meta name=\"robots\" content=\"index, follow, max-snippet:-1, max-image-preview:large, max-video-preview:-1\" \/>\n<link rel=\"canonical\" href=\"https:\/\/sicsa.cr\/espanol\/carga-proyecto\/\" \/>\n<meta property=\"og:locale\" content=\"en_US\" \/>\n<meta property=\"og:type\" content=\"article\" \/>\n<meta property=\"og:title\" content=\"SICSA | Carga Proyecto I Planificaci\u00f3n detallada I Carga pesada\" \/>\n<meta property=\"og:description\" content=\"Especialistas en la log\u00edstica para Carga Proyecto. Flat rack, open top,low boy, y m\u00e1s. Servicio Integral en cada punto de la cadena log\u00edstica para sus proyectos.\" \/>\n<meta property=\"og:url\" content=\"https:\/\/sicsa.cr\/espanol\/carga-proyecto\/\" \/>\n<meta property=\"og:site_name\" content=\"SICSA\" \/>\n<meta property=\"article:publisher\" content=\"https:\/\/www.facebook.com\/SICSAINTERNACIONAL\" \/>\n<meta property=\"article:modified_time\" content=\"2026-01-27T22:58:14+00:00\" \/>\n<meta property=\"og:image\" content=\"https:\/\/sicsa.cr\/espanol\/wp-content\/uploads\/2023\/12\/logo-sicsa-alta.jpg\" \/>\n\t<meta property=\"og:image:width\" content=\"500\" \/>\n\t<meta property=\"og:image:height\" content=\"221\" \/>\n\t<meta property=\"og:image:type\" content=\"image\/jpeg\" \/>\n<meta name=\"twitter:card\" content=\"summary_large_image\" \/>\n<meta name=\"twitter:label1\" content=\"Est. reading time\" \/>\n\t<meta name=\"twitter:data1\" content=\"3 minutes\" \/>\n<script type=\"application\/ld+json\" class=\"yoast-schema-graph\">{\"@context\":\"https:\/\/schema.org\",\"@graph\":[{\"@type\":\"WebPage\",\"@id\":\"https:\/\/sicsa.cr\/espanol\/carga-proyecto\/\",\"url\":\"https:\/\/sicsa.cr\/espanol\/carga-proyecto\/\",\"name\":\"SICSA | Carga Proyecto I Planificaci\u00f3n detallada I Carga pesada\",\"isPartOf\":{\"@id\":\"https:\/\/sicsa.cr\/espanol\/#website\"},\"datePublished\":\"2024-01-22T20:41:02+00:00\",\"dateModified\":\"2026-01-27T22:58:14+00:00\",\"description\":\"Especialistas en la log\u00edstica para Carga Proyecto. Flat rack, open top,low boy, y m\u00e1s. Servicio Integral en cada punto de la cadena log\u00edstica para sus proyectos.\",\"breadcrumb\":{\"@id\":\"https:\/\/sicsa.cr\/espanol\/carga-proyecto\/#breadcrumb\"},\"inLanguage\":\"en-US\",\"potentialAction\":[{\"@type\":\"ReadAction\",\"target\":[\"https:\/\/sicsa.cr\/espanol\/carga-proyecto\/\"]}]},{\"@type\":\"BreadcrumbList\",\"@id\":\"https:\/\/sicsa.cr\/espanol\/carga-proyecto\/#breadcrumb\",\"itemListElement\":[{\"@type\":\"ListItem\",\"position\":1,\"name\":\"Home\",\"item\":\"https:\/\/sicsa.cr\/espanol\/\"},{\"@type\":\"ListItem\",\"position\":2,\"name\":\"Carga proyecto\"}]},{\"@type\":\"WebSite\",\"@id\":\"https:\/\/sicsa.cr\/espanol\/#website\",\"url\":\"https:\/\/sicsa.cr\/espanol\/\",\"name\":\"SICSA Operador Log\u00edstico Internacional | Desde 1976\",\"description\":\"Operador Log\u00edstico Internacional\",\"publisher\":{\"@id\":\"https:\/\/sicsa.cr\/espanol\/#organization\"},\"potentialAction\":[{\"@type\":\"SearchAction\",\"target\":{\"@type\":\"EntryPoint\",\"urlTemplate\":\"https:\/\/sicsa.cr\/espanol\/?s={search_term_string}\"},\"query-input\":{\"@type\":\"PropertyValueSpecification\",\"valueRequired\":true,\"valueName\":\"search_term_string\"}}],\"inLanguage\":\"en-US\"},{\"@type\":\"Organization\",\"@id\":\"https:\/\/sicsa.cr\/espanol\/#organization\",\"name\":\"SICSA\",\"url\":\"https:\/\/sicsa.cr\/espanol\/\",\"logo\":{\"@type\":\"ImageObject\",\"inLanguage\":\"en-US\",\"@id\":\"https:\/\/sicsa.cr\/espanol\/#\/schema\/logo\/image\/\",\"url\":\"https:\/\/sicsa.cr\/espanol\/wp-content\/uploads\/2023\/12\/logo-small-1.png\",\"contentUrl\":\"https:\/\/sicsa.cr\/espanol\/wp-content\/uploads\/2023\/12\/logo-small-1.png\",\"width\":177,\"height\":80,\"caption\":\"SICSA\"},\"image\":{\"@id\":\"https:\/\/sicsa.cr\/espanol\/#\/schema\/logo\/image\/\"},\"sameAs\":[\"https:\/\/www.facebook.com\/SICSAINTERNACIONAL\",\"https:\/\/www.linkedin.com\/company\/sicsainternacional1976\/\",\"https:\/\/www.instagram.com\/sicsainternacional\/\"]}]}<\/script>\n<!-- \/ Yoast SEO plugin. -->","yoast_head_json":{"title":"SICSA | Carga Proyecto I Planificaci\u00f3n detallada I Carga pesada","description":"Especialistas en la log\u00edstica para Carga Proyecto. Flat rack, open top,low boy, y m\u00e1s. Servicio Integral en cada punto de la cadena log\u00edstica para sus proyectos.","robots":{"index":"index","follow":"follow","max-snippet":"max-snippet:-1","max-image-preview":"max-image-preview:large","max-video-preview":"max-video-preview:-1"},"canonical":"https:\/\/sicsa.cr\/espanol\/carga-proyecto\/","og_locale":"en_US","og_type":"article","og_title":"SICSA | Carga Proyecto I Planificaci\u00f3n detallada I Carga pesada","og_description":"Especialistas en la log\u00edstica para Carga Proyecto. Flat rack, open top,low boy, y m\u00e1s. Servicio Integral en cada punto de la cadena log\u00edstica para sus proyectos.","og_url":"https:\/\/sicsa.cr\/espanol\/carga-proyecto\/","og_site_name":"SICSA","article_publisher":"https:\/\/www.facebook.com\/SICSAINTERNACIONAL","article_modified_time":"2026-01-27T22:58:14+00:00","og_image":[{"width":500,"height":221,"url":"https:\/\/sicsa.cr\/espanol\/wp-content\/uploads\/2023\/12\/logo-sicsa-alta.jpg","type":"image\/jpeg"}],"twitter_card":"summary_large_image","twitter_misc":{"Est. reading time":"3 minutes"},"schema":{"@context":"https:\/\/schema.org","@graph":[{"@type":"WebPage","@id":"https:\/\/sicsa.cr\/espanol\/carga-proyecto\/","url":"https:\/\/sicsa.cr\/espanol\/carga-proyecto\/","name":"SICSA | Carga Proyecto I Planificaci\u00f3n detallada I Carga pesada","isPartOf":{"@id":"https:\/\/sicsa.cr\/espanol\/#website"},"datePublished":"2024-01-22T20:41:02+00:00","dateModified":"2026-01-27T22:58:14+00:00","description":"Especialistas en la log\u00edstica para Carga Proyecto. Flat rack, open top,low boy, y m\u00e1s. Servicio Integral en cada punto de la cadena log\u00edstica para sus proyectos.","breadcrumb":{"@id":"https:\/\/sicsa.cr\/espanol\/carga-proyecto\/#breadcrumb"},"inLanguage":"en-US","potentialAction":[{"@type":"ReadAction","target":["https:\/\/sicsa.cr\/espanol\/carga-proyecto\/"]}]},{"@type":"BreadcrumbList","@id":"https:\/\/sicsa.cr\/espanol\/carga-proyecto\/#breadcrumb","itemListElement":[{"@type":"ListItem","position":1,"name":"Home","item":"https:\/\/sicsa.cr\/espanol\/"},{"@type":"ListItem","position":2,"name":"Carga proyecto"}]},{"@type":"WebSite","@id":"https:\/\/sicsa.cr\/espanol\/#website","url":"https:\/\/sicsa.cr\/espanol\/","name":"SICSA Operador Log\u00edstico Internacional | Desde 1976","description":"Operador Log\u00edstico Internacional","publisher":{"@id":"https:\/\/sicsa.cr\/espanol\/#organization"},"potentialAction":[{"@type":"SearchAction","target":{"@type":"EntryPoint","urlTemplate":"https:\/\/sicsa.cr\/espanol\/?s={search_term_string}"},"query-input":{"@type":"PropertyValueSpecification","valueRequired":true,"valueName":"search_term_string"}}],"inLanguage":"en-US"},{"@type":"Organization","@id":"https:\/\/sicsa.cr\/espanol\/#organization","name":"SICSA","url":"https:\/\/sicsa.cr\/espanol\/","logo":{"@type":"ImageObject","inLanguage":"en-US","@id":"https:\/\/sicsa.cr\/espanol\/#\/schema\/logo\/image\/","url":"https:\/\/sicsa.cr\/espanol\/wp-content\/uploads\/2023\/12\/logo-small-1.png","contentUrl":"https:\/\/sicsa.cr\/espanol\/wp-content\/uploads\/2023\/12\/logo-small-1.png","width":177,"height":80,"caption":"SICSA"},"image":{"@id":"https:\/\/sicsa.cr\/espanol\/#\/schema\/logo\/image\/"},"sameAs":["https:\/\/www.facebook.com\/SICSAINTERNACIONAL","https:\/\/www.linkedin.com\/company\/sicsainternacional1976\/","https:\/\/www.instagram.com\/sicsainternacional\/"]}]}},"_links":{"self":[{"href":"https:\/\/sicsa.cr\/espanol\/wp-json\/wp\/v2\/pages\/2076","targetHints":{"allow":["GET"]}}],"collection":[{"href":"https:\/\/sicsa.cr\/espanol\/wp-json\/wp\/v2\/pages"}],"about":[{"href":"https:\/\/sicsa.cr\/espanol\/wp-json\/wp\/v2\/types\/page"}],"author":[{"embeddable":true,"href":"https:\/\/sicsa.cr\/espanol\/wp-json\/wp\/v2\/users\/2"}],"replies":[{"embeddable":true,"href":"https:\/\/sicsa.cr\/espanol\/wp-json\/wp\/v2\/comments?post=2076"}],"version-history":[{"count":10,"href":"https:\/\/sicsa.cr\/espanol\/wp-json\/wp\/v2\/pages\/2076\/revisions"}],"predecessor-version":[{"id":2441,"href":"https:\/\/sicsa.cr\/espanol\/wp-json\/wp\/v2\/pages\/2076\/revisions\/2441"}],"wp:attachment":[{"href":"https:\/\/sicsa.cr\/espanol\/wp-json\/wp\/v2\/media?parent=2076"}],"curies":[{"name":"wp","href":"https:\/\/api.w.org\/{rel}","templated":true}]}}