{"id":2219,"date":"2024-02-16T22:10:40","date_gmt":"2024-02-16T21:10:40","guid":{"rendered":"https:\/\/sicsa.cr\/espanol\/?page_id=2219"},"modified":"2026-03-24T19:49:26","modified_gmt":"2026-03-24T18:49:26","slug":"responsabilidad-social","status":"publish","type":"page","link":"https:\/\/sicsa.cr\/espanol\/responsabilidad-social\/","title":{"rendered":"Responsabilidad Social"},"content":{"rendered":"<div class=\"wpb-content-wrapper\"><p>[vc_row full_width=&#8221;stretch_row&#8221; css=&#8221;.vc_custom_1705941137297{margin-top: -70px !important;padding-top: 60px !important;padding-bottom: 60px !important;background-color: #f9f9f9 !important;}&#8221;][vc_column][vc_row_inner][vc_column_inner width=&#8221;1\/2&#8243;][vc_column_text]<\/p>\n<h3><span style=\"color: #262f62;\">En SICSA buscamos el compromiso con el bienestar social y el desarrollo sostenible de la comunidad en donde operamos, as\u00ed como con el cuidado del medio ambiente.<\/span><\/h3>\n<p>&nbsp;<\/p>\n<p><span style=\"color: #262f62;\">Buscamos actuar de manera \u00e9tica, transparente y responsable en todas nuestras operaciones y relaciones.<\/span><\/p>\n<p>&nbsp;<\/p>\n<p><a href=\"https:\/\/sicsa.cr\/espanol\/wp-content\/uploads\/2024\/05\/POLITICA-DE-ETICA.docx\">Conozca nuestra Pol\u00edtica de \u00c9tica<\/a><\/p>\n<p>&nbsp;<\/p>\n<p>&nbsp;<\/p>\n<h3><span style=\"color: #262f62;\">Certificaci\u00f3n BASC<\/span><\/h3>\n<p>La certificaci\u00f3n <a href=\"https:\/\/www.wbasco.org\/en\">BASC (Business Alliance for Secure Commerce)<\/a> es un programa internacional que promueve un comercio seguro a trav\u00e9s de la implementaci\u00f3n de est\u00e1ndares de seguridad y mejores pr\u00e1cticas en las empresas.<\/p>\n<p>Conozca nuestra pol\u00edtica <a href=\"https:\/\/sicsa.cr\/espanol\/wp-content\/uploads\/2024\/05\/SICSA-Politica-SGCS.pdf\">SICSA-Politica SGCS<\/a><\/p>\n<p>&nbsp;<\/p>\n<p><a href=\"https:\/\/www.wbasco.org\/en\"><img decoding=\"async\" class=\"alignnone wp-image-2298\" src=\"https:\/\/sicsa.cr\/espanol\/wp-content\/uploads\/2024\/05\/BASC.png\" alt=\"\" width=\"110\" height=\"96\" srcset=\"https:\/\/sicsa.cr\/espanol\/wp-content\/uploads\/2024\/05\/BASC.png 300w, https:\/\/sicsa.cr\/espanol\/wp-content\/uploads\/2024\/05\/BASC-20x17.png 20w\" sizes=\"(max-width: 110px) 100vw, 110px\" \/><\/a>[\/vc_column_text][\/vc_column_inner][vc_column_inner width=&#8221;1\/2&#8243;][vc_single_image image=&#8221;2220&#8243; img_size=&#8221;700 x 500&#8243; style=&#8221;vc_box_rounded&#8221;][\/vc_column_inner][\/vc_row_inner][\/vc_column][\/vc_row][vc_row full_width=&#8221;stretch_row&#8221; css=&#8221;.vc_custom_1708118232977{padding-top: 50px !important;padding-bottom: 50px !important;background-color: #252e66 !important;}&#8221;][vc_column][vc_column_text]<\/p>\n<h2><span style=\"color: #ffffff;\">Nuestra filosof\u00eda y trabajo incluye:<\/span><\/h2>\n<p>[\/vc_column_text][vc_row_inner css=&#8221;.vc_custom_1707414986208{padding-top: 40px !important;padding-right: 40px !important;padding-bottom: 40px !important;padding-left: 40px !important;background-color: #ffffff !important;border-radius: 20px !important;}&#8221;][vc_column_inner width=&#8221;1\/2&#8243;]<div class=\"aio-icon-component    style_1\"><div id=\"Info-box-wrap-3841\" class=\"aio-icon-box default-icon\" style=\"\"  ><div class=\"aio-icon-default\"><div class=\"ult-just-icon-wrapper  \"><div class=\"align-icon\" style=\"text-align:center;\">\n<div class=\"aio-icon circle \"  style=\"color:#262f62;background:#ffffff;font-size:32px;display:inline-block;\">\n\t<i class=\"icomoon-icomoonfree-16x16-office\"><\/i>\n<\/div><\/div><\/div><\/div><div class=\"aio-icon-header\" ><h3 class=\"aio-icon-title ult-responsive\"  data-ultimate-target='#Info-box-wrap-3841 .aio-icon-title'  data-responsive-json-new='{\"font-size\":\"\",\"line-height\":\"\"}'  style=\"\">\u00c9tica Empresarial:<\/h3><\/div> <!-- header --><div class=\"aio-icon-description ult-responsive\"  data-ultimate-target='#Info-box-wrap-3841 .aio-icon-description'  data-responsive-json-new='{\"font-size\":\"\",\"line-height\":\"\"}'  style=\"\">Actuar con valores tales como: integridad, honestidad y respeto hacia los clientes, proveedores, colaboradores y dem\u00e1s equipo relacionado directa o indirectamente.<\/div> <!-- description --><\/div> <!-- aio-icon-box --><\/div> <!-- aio-icon-component --><div class=\"aio-icon-component    style_1\"><div id=\"Info-box-wrap-9710\" class=\"aio-icon-box default-icon\" style=\"\"  ><div class=\"aio-icon-default\"><div class=\"ult-just-icon-wrapper  \"><div class=\"align-icon\" style=\"text-align:center;\">\n<div class=\"aio-icon circle \"  style=\"color:#262f62;background:#ffffff;font-size:32px;display:inline-block;\">\n\t<i class=\"icomoon-icomoonfree-16x16-users\"><\/i>\n<\/div><\/div><\/div><\/div><div class=\"aio-icon-header\" ><h3 class=\"aio-icon-title ult-responsive\"  data-ultimate-target='#Info-box-wrap-9710 .aio-icon-title'  data-responsive-json-new='{\"font-size\":\"\",\"line-height\":\"\"}'  style=\"\">Relaciones Laborales:<\/h3><\/div> <!-- header --><div class=\"aio-icon-description ult-responsive\"  data-ultimate-target='#Info-box-wrap-9710 .aio-icon-description'  data-responsive-json-new='{\"font-size\":\"\",\"line-height\":\"\"}'  style=\"\">Garantizar condiciones de trabajo justas, seguras y saludables para los colaboradores, as\u00ed como promover el desarrollo profesional y personal.<\/div> <!-- description --><\/div> <!-- aio-icon-box --><\/div> <!-- aio-icon-component -->[\/vc_column_inner][vc_column_inner width=&#8221;1\/2&#8243;]<div class=\"aio-icon-component    style_1\"><div id=\"Info-box-wrap-4828\" class=\"aio-icon-box default-icon\" style=\"\"  ><div class=\"aio-icon-default\"><div class=\"ult-just-icon-wrapper  \"><div class=\"align-icon\" style=\"text-align:center;\">\n<div class=\"aio-icon circle \"  style=\"color:#262f62;background:#ffffff;font-size:32px;display:inline-block;\">\n\t<i class=\"icomoon-icomoonfree-16x16-enlarge\"><\/i>\n<\/div><\/div><\/div><\/div><div class=\"aio-icon-header\" ><h3 class=\"aio-icon-title ult-responsive\"  data-ultimate-target='#Info-box-wrap-4828 .aio-icon-title'  data-responsive-json-new='{\"font-size\":\"\",\"line-height\":\"\"}'  style=\"\">Desarrollo de la Comunidad:<\/h3><\/div> <!-- header --><div class=\"aio-icon-description ult-responsive\"  data-ultimate-target='#Info-box-wrap-4828 .aio-icon-description'  data-responsive-json-new='{\"font-size\":\"\",\"line-height\":\"\"}'  style=\"\">Contribuir al bienestar de la comunidad a trav\u00e9s de inversiones sociales, programas de reciclaje, donaciones y otras iniciativas que cubran las necesidades locales.<\/div> <!-- description --><\/div> <!-- aio-icon-box --><\/div> <!-- aio-icon-component --><div class=\"aio-icon-component    style_1\"><div id=\"Info-box-wrap-2253\" class=\"aio-icon-box default-icon\" style=\"\"  ><div class=\"aio-icon-default\"><div class=\"ult-just-icon-wrapper  \"><div class=\"align-icon\" style=\"text-align:center;\">\n<div class=\"aio-icon circle \"  style=\"color:#262f62;background:#ffffff;font-size:32px;display:inline-block;\">\n\t<i class=\"icomoon-icomoonfree-16x16-leaf\"><\/i>\n<\/div><\/div><\/div><\/div><div class=\"aio-icon-header\" ><h3 class=\"aio-icon-title ult-responsive\"  data-ultimate-target='#Info-box-wrap-2253 .aio-icon-title'  data-responsive-json-new='{\"font-size\":\"\",\"line-height\":\"\"}'  style=\"\">Cuidado del Medio Ambiente:<\/h3><\/div> <!-- header --><div class=\"aio-icon-description ult-responsive\"  data-ultimate-target='#Info-box-wrap-2253 .aio-icon-description'  data-responsive-json-new='{\"font-size\":\"\",\"line-height\":\"\"}'  style=\"\">Minimizar el impacto ambiental de la operaci\u00f3n, reducir la contaminaci\u00f3n, conservar los recursos naturales y promover pr\u00e1cticas sostenibles.<\/div> <!-- description --><\/div> <!-- aio-icon-box --><\/div> <!-- aio-icon-component -->[\/vc_column_inner][\/vc_row_inner][\/vc_column][\/vc_row][vc_row][vc_column width=&#8221;1\/2&#8243;][vc_single_image image=&#8221;2221&#8243; img_size=&#8221;600 x 400&#8243; alignment=&#8221;center&#8221;][\/vc_column][vc_column width=&#8221;1\/2&#8243;][vc_single_image image=&#8221;2222&#8243; img_size=&#8221;600 x 400&#8243; alignment=&#8221;center&#8221;][\/vc_column][\/vc_row][vc_row][vc_column width=&#8221;1\/2&#8243;][vc_single_image image=&#8221;2223&#8243; img_size=&#8221;600 x 400&#8243; alignment=&#8221;center&#8221;][\/vc_column][vc_column width=&#8221;1\/2&#8243;][vc_single_image image=&#8221;2224&#8243; img_size=&#8221;600 x 400&#8243; alignment=&#8221;center&#8221;][\/vc_column][\/vc_row]<\/p>\n<\/div>","protected":false},"excerpt":{"rendered":"<p>[vc_row full_width=&#8221;stretch_row&#8221; css=&#8221;.vc_custom_1705941137297{margin-top: -70px !important;padding-top: 60px !important;padding-bottom: 60px !important;background-color: #f9f9f9 !important;}&#8221;][vc_column][vc_row_inner][vc_column_inner width=&#8221;1\/2&#8243;][vc_column_text] En SICSA buscamos el compromiso con el bienestar social y el desarrollo sostenible de la comunidad en donde operamos, as\u00ed como con el cuidado del medio ambiente. &nbsp; Buscamos actuar de manera \u00e9tica, transparente y responsable en todas nuestras operaciones y relaciones. &nbsp;&hellip;<\/p>\n","protected":false},"author":2,"featured_media":0,"parent":0,"menu_order":0,"comment_status":"closed","ping_status":"closed","template":"","meta":{"_acf_changed":false,"_joinchat":[],"footnotes":""},"class_list":["post-2219","page","type-page","status-publish","hentry","description-off"],"acf":[],"yoast_head":"<!-- This site is optimized with the Yoast SEO plugin v24.9 - https:\/\/yoast.com\/wordpress\/plugins\/seo\/ -->\n<title>SICSA | Iniciativas de Responsabilidad Social para la Comunidad<\/title>\n<meta name=\"description\" content=\"SICSA est\u00e1 comprometida con el bienestar social, el desarrollo sustentable y el cuidado del medio ambiente en las comunidades donde operamos. \u00a1Explora m\u00e1s ahora!\" \/>\n<meta name=\"robots\" content=\"index, follow, max-snippet:-1, max-image-preview:large, max-video-preview:-1\" \/>\n<link rel=\"canonical\" href=\"https:\/\/sicsa.cr\/espanol\/responsabilidad-social\/\" \/>\n<meta property=\"og:locale\" content=\"en_US\" \/>\n<meta property=\"og:type\" content=\"article\" \/>\n<meta property=\"og:title\" content=\"SICSA | Iniciativas de Responsabilidad Social para la Comunidad\" \/>\n<meta property=\"og:description\" content=\"SICSA est\u00e1 comprometida con el bienestar social, el desarrollo sustentable y el cuidado del medio ambiente en las comunidades donde operamos. \u00a1Explora m\u00e1s ahora!\" \/>\n<meta property=\"og:url\" content=\"https:\/\/sicsa.cr\/espanol\/responsabilidad-social\/\" \/>\n<meta property=\"og:site_name\" content=\"SICSA\" \/>\n<meta property=\"article:publisher\" content=\"https:\/\/www.facebook.com\/SICSAINTERNACIONAL\" \/>\n<meta property=\"article:modified_time\" content=\"2026-03-24T18:49:26+00:00\" \/>\n<meta property=\"og:image\" content=\"https:\/\/sicsa.cr\/espanol\/wp-content\/uploads\/2024\/05\/BASC.png\" \/>\n\t<meta property=\"og:image:width\" content=\"300\" \/>\n\t<meta property=\"og:image:height\" content=\"261\" \/>\n\t<meta property=\"og:image:type\" content=\"image\/png\" \/>\n<meta name=\"twitter:card\" content=\"summary_large_image\" \/>\n<meta name=\"twitter:label1\" content=\"Est. reading time\" \/>\n\t<meta name=\"twitter:data1\" content=\"2 minutes\" \/>\n<script type=\"application\/ld+json\" class=\"yoast-schema-graph\">{\"@context\":\"https:\/\/schema.org\",\"@graph\":[{\"@type\":\"WebPage\",\"@id\":\"https:\/\/sicsa.cr\/espanol\/responsabilidad-social\/\",\"url\":\"https:\/\/sicsa.cr\/espanol\/responsabilidad-social\/\",\"name\":\"SICSA | Iniciativas de Responsabilidad Social para la Comunidad\",\"isPartOf\":{\"@id\":\"https:\/\/sicsa.cr\/espanol\/#website\"},\"primaryImageOfPage\":{\"@id\":\"https:\/\/sicsa.cr\/espanol\/responsabilidad-social\/#primaryimage\"},\"image\":{\"@id\":\"https:\/\/sicsa.cr\/espanol\/responsabilidad-social\/#primaryimage\"},\"thumbnailUrl\":\"https:\/\/sicsa.cr\/espanol\/wp-content\/uploads\/2024\/05\/BASC.png\",\"datePublished\":\"2024-02-16T21:10:40+00:00\",\"dateModified\":\"2026-03-24T18:49:26+00:00\",\"description\":\"SICSA est\u00e1 comprometida con el bienestar social, el desarrollo sustentable y el cuidado del medio ambiente en las comunidades donde operamos. \u00a1Explora m\u00e1s ahora!\",\"breadcrumb\":{\"@id\":\"https:\/\/sicsa.cr\/espanol\/responsabilidad-social\/#breadcrumb\"},\"inLanguage\":\"en-US\",\"potentialAction\":[{\"@type\":\"ReadAction\",\"target\":[\"https:\/\/sicsa.cr\/espanol\/responsabilidad-social\/\"]}]},{\"@type\":\"ImageObject\",\"inLanguage\":\"en-US\",\"@id\":\"https:\/\/sicsa.cr\/espanol\/responsabilidad-social\/#primaryimage\",\"url\":\"https:\/\/sicsa.cr\/espanol\/wp-content\/uploads\/2024\/05\/BASC.png\",\"contentUrl\":\"https:\/\/sicsa.cr\/espanol\/wp-content\/uploads\/2024\/05\/BASC.png\",\"width\":300,\"height\":261,\"caption\":\"BASC LOGO\"},{\"@type\":\"BreadcrumbList\",\"@id\":\"https:\/\/sicsa.cr\/espanol\/responsabilidad-social\/#breadcrumb\",\"itemListElement\":[{\"@type\":\"ListItem\",\"position\":1,\"name\":\"Home\",\"item\":\"https:\/\/sicsa.cr\/espanol\/\"},{\"@type\":\"ListItem\",\"position\":2,\"name\":\"Responsabilidad Social\"}]},{\"@type\":\"WebSite\",\"@id\":\"https:\/\/sicsa.cr\/espanol\/#website\",\"url\":\"https:\/\/sicsa.cr\/espanol\/\",\"name\":\"SICSA Operador Log\u00edstico Internacional | Desde 1976\",\"description\":\"Operador Log\u00edstico Internacional\",\"publisher\":{\"@id\":\"https:\/\/sicsa.cr\/espanol\/#organization\"},\"potentialAction\":[{\"@type\":\"SearchAction\",\"target\":{\"@type\":\"EntryPoint\",\"urlTemplate\":\"https:\/\/sicsa.cr\/espanol\/?s={search_term_string}\"},\"query-input\":{\"@type\":\"PropertyValueSpecification\",\"valueRequired\":true,\"valueName\":\"search_term_string\"}}],\"inLanguage\":\"en-US\"},{\"@type\":\"Organization\",\"@id\":\"https:\/\/sicsa.cr\/espanol\/#organization\",\"name\":\"SICSA\",\"url\":\"https:\/\/sicsa.cr\/espanol\/\",\"logo\":{\"@type\":\"ImageObject\",\"inLanguage\":\"en-US\",\"@id\":\"https:\/\/sicsa.cr\/espanol\/#\/schema\/logo\/image\/\",\"url\":\"https:\/\/sicsa.cr\/espanol\/wp-content\/uploads\/2023\/12\/logo-small-1.png\",\"contentUrl\":\"https:\/\/sicsa.cr\/espanol\/wp-content\/uploads\/2023\/12\/logo-small-1.png\",\"width\":177,\"height\":80,\"caption\":\"SICSA\"},\"image\":{\"@id\":\"https:\/\/sicsa.cr\/espanol\/#\/schema\/logo\/image\/\"},\"sameAs\":[\"https:\/\/www.facebook.com\/SICSAINTERNACIONAL\",\"https:\/\/www.linkedin.com\/company\/sicsainternacional1976\/\",\"https:\/\/www.instagram.com\/sicsainternacional\/\"]}]}<\/script>\n<!-- \/ Yoast SEO plugin. -->","yoast_head_json":{"title":"SICSA | Iniciativas de Responsabilidad Social para la Comunidad","description":"SICSA est\u00e1 comprometida con el bienestar social, el desarrollo sustentable y el cuidado del medio ambiente en las comunidades donde operamos. \u00a1Explora m\u00e1s ahora!","robots":{"index":"index","follow":"follow","max-snippet":"max-snippet:-1","max-image-preview":"max-image-preview:large","max-video-preview":"max-video-preview:-1"},"canonical":"https:\/\/sicsa.cr\/espanol\/responsabilidad-social\/","og_locale":"en_US","og_type":"article","og_title":"SICSA | Iniciativas de Responsabilidad Social para la Comunidad","og_description":"SICSA est\u00e1 comprometida con el bienestar social, el desarrollo sustentable y el cuidado del medio ambiente en las comunidades donde operamos. \u00a1Explora m\u00e1s ahora!","og_url":"https:\/\/sicsa.cr\/espanol\/responsabilidad-social\/","og_site_name":"SICSA","article_publisher":"https:\/\/www.facebook.com\/SICSAINTERNACIONAL","article_modified_time":"2026-03-24T18:49:26+00:00","og_image":[{"width":300,"height":261,"url":"https:\/\/sicsa.cr\/espanol\/wp-content\/uploads\/2024\/05\/BASC.png","type":"image\/png"}],"twitter_card":"summary_large_image","twitter_misc":{"Est. reading time":"2 minutes"},"schema":{"@context":"https:\/\/schema.org","@graph":[{"@type":"WebPage","@id":"https:\/\/sicsa.cr\/espanol\/responsabilidad-social\/","url":"https:\/\/sicsa.cr\/espanol\/responsabilidad-social\/","name":"SICSA | Iniciativas de Responsabilidad Social para la Comunidad","isPartOf":{"@id":"https:\/\/sicsa.cr\/espanol\/#website"},"primaryImageOfPage":{"@id":"https:\/\/sicsa.cr\/espanol\/responsabilidad-social\/#primaryimage"},"image":{"@id":"https:\/\/sicsa.cr\/espanol\/responsabilidad-social\/#primaryimage"},"thumbnailUrl":"https:\/\/sicsa.cr\/espanol\/wp-content\/uploads\/2024\/05\/BASC.png","datePublished":"2024-02-16T21:10:40+00:00","dateModified":"2026-03-24T18:49:26+00:00","description":"SICSA est\u00e1 comprometida con el bienestar social, el desarrollo sustentable y el cuidado del medio ambiente en las comunidades donde operamos. \u00a1Explora m\u00e1s ahora!","breadcrumb":{"@id":"https:\/\/sicsa.cr\/espanol\/responsabilidad-social\/#breadcrumb"},"inLanguage":"en-US","potentialAction":[{"@type":"ReadAction","target":["https:\/\/sicsa.cr\/espanol\/responsabilidad-social\/"]}]},{"@type":"ImageObject","inLanguage":"en-US","@id":"https:\/\/sicsa.cr\/espanol\/responsabilidad-social\/#primaryimage","url":"https:\/\/sicsa.cr\/espanol\/wp-content\/uploads\/2024\/05\/BASC.png","contentUrl":"https:\/\/sicsa.cr\/espanol\/wp-content\/uploads\/2024\/05\/BASC.png","width":300,"height":261,"caption":"BASC LOGO"},{"@type":"BreadcrumbList","@id":"https:\/\/sicsa.cr\/espanol\/responsabilidad-social\/#breadcrumb","itemListElement":[{"@type":"ListItem","position":1,"name":"Home","item":"https:\/\/sicsa.cr\/espanol\/"},{"@type":"ListItem","position":2,"name":"Responsabilidad Social"}]},{"@type":"WebSite","@id":"https:\/\/sicsa.cr\/espanol\/#website","url":"https:\/\/sicsa.cr\/espanol\/","name":"SICSA Operador Log\u00edstico Internacional | Desde 1976","description":"Operador Log\u00edstico Internacional","publisher":{"@id":"https:\/\/sicsa.cr\/espanol\/#organization"},"potentialAction":[{"@type":"SearchAction","target":{"@type":"EntryPoint","urlTemplate":"https:\/\/sicsa.cr\/espanol\/?s={search_term_string}"},"query-input":{"@type":"PropertyValueSpecification","valueRequired":true,"valueName":"search_term_string"}}],"inLanguage":"en-US"},{"@type":"Organization","@id":"https:\/\/sicsa.cr\/espanol\/#organization","name":"SICSA","url":"https:\/\/sicsa.cr\/espanol\/","logo":{"@type":"ImageObject","inLanguage":"en-US","@id":"https:\/\/sicsa.cr\/espanol\/#\/schema\/logo\/image\/","url":"https:\/\/sicsa.cr\/espanol\/wp-content\/uploads\/2023\/12\/logo-small-1.png","contentUrl":"https:\/\/sicsa.cr\/espanol\/wp-content\/uploads\/2023\/12\/logo-small-1.png","width":177,"height":80,"caption":"SICSA"},"image":{"@id":"https:\/\/sicsa.cr\/espanol\/#\/schema\/logo\/image\/"},"sameAs":["https:\/\/www.facebook.com\/SICSAINTERNACIONAL","https:\/\/www.linkedin.com\/company\/sicsainternacional1976\/","https:\/\/www.instagram.com\/sicsainternacional\/"]}]}},"_links":{"self":[{"href":"https:\/\/sicsa.cr\/espanol\/wp-json\/wp\/v2\/pages\/2219","targetHints":{"allow":["GET"]}}],"collection":[{"href":"https:\/\/sicsa.cr\/espanol\/wp-json\/wp\/v2\/pages"}],"about":[{"href":"https:\/\/sicsa.cr\/espanol\/wp-json\/wp\/v2\/types\/page"}],"author":[{"embeddable":true,"href":"https:\/\/sicsa.cr\/espanol\/wp-json\/wp\/v2\/users\/2"}],"replies":[{"embeddable":true,"href":"https:\/\/sicsa.cr\/espanol\/wp-json\/wp\/v2\/comments?post=2219"}],"version-history":[{"count":11,"href":"https:\/\/sicsa.cr\/espanol\/wp-json\/wp\/v2\/pages\/2219\/revisions"}],"predecessor-version":[{"id":2301,"href":"https:\/\/sicsa.cr\/espanol\/wp-json\/wp\/v2\/pages\/2219\/revisions\/2301"}],"wp:attachment":[{"href":"https:\/\/sicsa.cr\/espanol\/wp-json\/wp\/v2\/media?parent=2219"}],"curies":[{"name":"wp","href":"https:\/\/api.w.org\/{rel}","templated":true}]}}